{"id":4065,"date":"2017-09-26T10:34:15","date_gmt":"2017-09-26T10:34:15","guid":{"rendered":"https:\/\/escalantecentreteatral.dival.es\/escola\/seminarios-para-profesionales"},"modified":"2026-02-13T19:10:15","modified_gmt":"2026-02-13T18:10:15","slug":"seminarios-para-profesionales","status":"publish","type":"page","link":"https:\/\/escalantecentreteatral.dival.es\/val\/escola\/seminarios-para-profesionales","title":{"rendered":"Seminaris per a professionals"},"content":{"rendered":"\n<figure class=\"wp-block-image size-full\"><img decoding=\"async\" loading=\"lazy\" width=\"1600\" height=\"809\" src=\"https:\/\/escalantecentreteatral.dival.es\/wp-content\/uploads\/banner_febrero.jpg\" alt=\"\" class=\"wp-image-21137\" srcset=\"https:\/\/escalantecentreteatral.dival.es\/wp-content\/uploads\/banner_febrero.jpg 1600w, https:\/\/escalantecentreteatral.dival.es\/wp-content\/uploads\/banner_febrero-1280x647.jpg 1280w, https:\/\/escalantecentreteatral.dival.es\/wp-content\/uploads\/banner_febrero-900x455.jpg 900w, https:\/\/escalantecentreteatral.dival.es\/wp-content\/uploads\/banner_febrero-768x388.jpg 768w, https:\/\/escalantecentreteatral.dival.es\/wp-content\/uploads\/banner_febrero-1536x777.jpg 1536w\" sizes=\"(max-width: 1600px) 100vw, 1600px\" \/><\/figure>\n\n\n\n<div style=\"height:25px\" aria-hidden=\"true\" class=\"wp-block-spacer\"><\/div>\n\n\n\n<div class=\"wp-block-columns is-layout-flex wp-container-3\">\n<div class=\"wp-block-column is-layout-flow\">\n<p>Esta proposta est\u00e0 adre\u00e7ada a professionals de les arts esc\u00e8niques que desitgen continuar formant-se, investigant i ampliant les seues eines creatives. Al llarg de l\u2019any organitzem seminaris especialitzats impartits per diferents professionals de reconeguda traject\u00f2ria, tant de la comunitat com de fora d\u2019ella. Cada seminari proposa una aproximaci\u00f3 espec\u00edfica a diferents metodologies, llenguatges i processos de treball, oferint un espai d\u2019aprenentatge, intercanvi i reflexi\u00f3 entre professionals.<\/p>\n<\/div>\n\n\n\n<div class=\"wp-block-column col_extra is-layout-flow\">\n<p>La duraci\u00f3 dels seminaris ser\u00e0 variable, adaptant-se als continguts i a la proposta pedag\u00f2gica de cada formador o formadora. Estes trobades estan pensades com un espai d\u2019actualitzaci\u00f3 i creixement art\u00edstic, que afavoreix el contacte amb altres mirades, experi\u00e8ncies i maneres d\u2019entendre l\u2019escena, enriquint aix\u00ed la pr\u00e0ctica professional de les persones participants. Volem que estos tallers de formaci\u00f3 permanent vagen dirigits a aquells actors i actrius de dilatada i reconeguda traject\u00f2ria, que precisament per la seua dedicaci\u00f3 al m\u00f3n laboral, no han tingut temps d\u2019endinsar-se, reciclar-se en altres aspectes del seu treball interpretatiu.<\/p>\n<\/div>\n<\/div>\n","protected":false},"excerpt":{"rendered":"<p>Seminaris impartits per professionals de reconequt prestigi que habitualment desenvolupen la seua traject\u00f2ria fora de la nostra Comunitat. Tallers de formaci\u00f3 permanent  dirigits a aquells actors i actrius que no han tingut temps d\u2019endinsar-se, reciclar-se en altres aspectes del seu treball interpretatiu.<\/p>\n","protected":false},"author":1,"featured_media":15444,"parent":1479,"menu_order":64,"comment_status":"closed","ping_status":"closed","template":"template-escuela_cursos-seminarios.php","meta":{"inline_featured_image":false},"acf":[],"yoast_head":"<!-- This site is optimized with the Yoast SEO plugin v21.1 - https:\/\/yoast.com\/wordpress\/plugins\/seo\/ -->\n<title>Seminaris per a professionals - Escalante Centre Teatral<\/title>\n<meta name=\"robots\" content=\"index, follow, max-snippet:-1, max-image-preview:large, max-video-preview:-1\" \/>\n<link rel=\"canonical\" href=\"https:\/\/escalantecentreteatral.dival.es\/val\/escola\/seminarios-para-profesionales\" \/>\n<meta property=\"og:locale\" content=\"ca_ES\" \/>\n<meta property=\"og:type\" content=\"article\" \/>\n<meta property=\"og:title\" content=\"Seminaris per a professionals - Escalante Centre Teatral\" \/>\n<meta property=\"og:description\" content=\"Seminaris impartits per professionals de reconequt prestigi que habitualment desenvolupen la seua traject\u00f2ria fora de la nostra Comunitat. Tallers de formaci\u00f3 permanent dirigits a aquells actors i actrius que no han tingut temps d\u2019endinsar-se, reciclar-se en altres aspectes del seu treball interpretatiu.\" \/>\n<meta property=\"og:url\" content=\"https:\/\/escalantecentreteatral.dival.es\/val\/escola\/seminarios-para-profesionales\" \/>\n<meta property=\"og:site_name\" content=\"Escalante Centre Teatral\" \/>\n<meta property=\"article:publisher\" content=\"https:\/\/www.facebook.com\/EscalanteTeatre\" \/>\n<meta property=\"article:modified_time\" content=\"2026-02-13T18:10:15+00:00\" \/>\n<meta property=\"og:image\" content=\"https:\/\/escalantecentreteatral.dival.es\/wp-content\/uploads\/esc_prof.jpg\" \/>\n\t<meta property=\"og:image:width\" content=\"1590\" \/>\n\t<meta property=\"og:image:height\" content=\"1590\" \/>\n\t<meta property=\"og:image:type\" content=\"image\/jpeg\" \/>\n<meta name=\"twitter:card\" content=\"summary_large_image\" \/>\n<meta name=\"twitter:site\" content=\"@TeatreEscalante\" \/>\n<meta name=\"twitter:label1\" content=\"Est. reading time\" \/>\n\t<meta name=\"twitter:data1\" content=\"1 minute\" \/>\n<script type=\"application\/ld+json\" class=\"yoast-schema-graph\">{\"@context\":\"https:\/\/schema.org\",\"@graph\":[{\"@type\":\"WebPage\",\"@id\":\"https:\/\/escalantecentreteatral.dival.es\/val\/escola\/seminarios-para-profesionales\",\"url\":\"https:\/\/escalantecentreteatral.dival.es\/val\/escola\/seminarios-para-profesionales\",\"name\":\"Seminaris per a professionals - Escalante Centre Teatral\",\"isPartOf\":{\"@id\":\"https:\/\/escalantecentreteatral.dival.es\/val\/#website\"},\"datePublished\":\"2017-09-26T10:34:15+00:00\",\"dateModified\":\"2026-02-13T18:10:15+00:00\",\"breadcrumb\":{\"@id\":\"https:\/\/escalantecentreteatral.dival.es\/val\/escola\/seminarios-para-profesionales#breadcrumb\"},\"inLanguage\":\"ca\",\"potentialAction\":[{\"@type\":\"ReadAction\",\"target\":[\"https:\/\/escalantecentreteatral.dival.es\/val\/escola\/seminarios-para-profesionales\"]}]},{\"@type\":\"BreadcrumbList\",\"@id\":\"https:\/\/escalantecentreteatral.dival.es\/val\/escola\/seminarios-para-profesionales#breadcrumb\",\"itemListElement\":[{\"@type\":\"ListItem\",\"position\":1,\"name\":\"Home\",\"item\":\"https:\/\/escalantecentreteatral.dival.es\/val\"},{\"@type\":\"ListItem\",\"position\":2,\"name\":\"Escola\",\"item\":\"https:\/\/escalantecentreteatral.dival.es\/val\/escola\"},{\"@type\":\"ListItem\",\"position\":3,\"name\":\"Seminaris per a professionals\"}]},{\"@type\":\"WebSite\",\"@id\":\"https:\/\/escalantecentreteatral.dival.es\/val\/#website\",\"url\":\"https:\/\/escalantecentreteatral.dival.es\/val\/\",\"name\":\"Escalante Centre Teatral\",\"description\":\"Valencia | espectaculos | musicales | artes escenicas.\",\"publisher\":{\"@id\":\"https:\/\/escalantecentreteatral.dival.es\/val\/#organization\"},\"potentialAction\":[{\"@type\":\"SearchAction\",\"target\":{\"@type\":\"EntryPoint\",\"urlTemplate\":\"https:\/\/escalantecentreteatral.dival.es\/val\/?s={search_term_string}\"},\"query-input\":\"required name=search_term_string\"}],\"inLanguage\":\"ca\"},{\"@type\":\"Organization\",\"@id\":\"https:\/\/escalantecentreteatral.dival.es\/val\/#organization\",\"name\":\"Escalante Centre Teatral\",\"alternateName\":\"Escalante Centre Teatral Val\u00e8ncia\",\"url\":\"https:\/\/escalantecentreteatral.dival.es\/val\/\",\"logo\":{\"@type\":\"ImageObject\",\"inLanguage\":\"ca\",\"@id\":\"https:\/\/escalantecentreteatral.dival.es\/val\/#\/schema\/logo\/image\/\",\"url\":\"https:\/\/escalantecentreteatral.dival.es\/wp-content\/uploads\/logo_ect-1.png\",\"contentUrl\":\"https:\/\/escalantecentreteatral.dival.es\/wp-content\/uploads\/logo_ect-1.png\",\"width\":1024,\"height\":292,\"caption\":\"Escalante Centre Teatral\"},\"image\":{\"@id\":\"https:\/\/escalantecentreteatral.dival.es\/val\/#\/schema\/logo\/image\/\"},\"sameAs\":[\"https:\/\/www.facebook.com\/EscalanteTeatre\",\"https:\/\/twitter.com\/TeatreEscalante\",\"https:\/\/www.instagram.com\/centre_escalante\/\",\"https:\/\/www.youtube.com\/channel\/UCaXtimrtZ6eLZKN2qPgPa3g\"]}]}<\/script>\n<!-- \/ Yoast SEO plugin. -->","yoast_head_json":{"title":"Seminaris per a professionals - Escalante Centre Teatral","robots":{"index":"index","follow":"follow","max-snippet":"max-snippet:-1","max-image-preview":"max-image-preview:large","max-video-preview":"max-video-preview:-1"},"canonical":"https:\/\/escalantecentreteatral.dival.es\/val\/escola\/seminarios-para-profesionales","og_locale":"ca_ES","og_type":"article","og_title":"Seminaris per a professionals - Escalante Centre Teatral","og_description":"Seminaris impartits per professionals de reconequt prestigi que habitualment desenvolupen la seua traject\u00f2ria fora de la nostra Comunitat. Tallers de formaci\u00f3 permanent dirigits a aquells actors i actrius que no han tingut temps d\u2019endinsar-se, reciclar-se en altres aspectes del seu treball interpretatiu.","og_url":"https:\/\/escalantecentreteatral.dival.es\/val\/escola\/seminarios-para-profesionales","og_site_name":"Escalante Centre Teatral","article_publisher":"https:\/\/www.facebook.com\/EscalanteTeatre","article_modified_time":"2026-02-13T18:10:15+00:00","og_image":[{"width":1590,"height":1590,"url":"https:\/\/escalantecentreteatral.dival.es\/wp-content\/uploads\/esc_prof.jpg","type":"image\/jpeg"}],"twitter_card":"summary_large_image","twitter_site":"@TeatreEscalante","twitter_misc":{"Est. reading time":"1 minute"},"schema":{"@context":"https:\/\/schema.org","@graph":[{"@type":"WebPage","@id":"https:\/\/escalantecentreteatral.dival.es\/val\/escola\/seminarios-para-profesionales","url":"https:\/\/escalantecentreteatral.dival.es\/val\/escola\/seminarios-para-profesionales","name":"Seminaris per a professionals - Escalante Centre Teatral","isPartOf":{"@id":"https:\/\/escalantecentreteatral.dival.es\/val\/#website"},"datePublished":"2017-09-26T10:34:15+00:00","dateModified":"2026-02-13T18:10:15+00:00","breadcrumb":{"@id":"https:\/\/escalantecentreteatral.dival.es\/val\/escola\/seminarios-para-profesionales#breadcrumb"},"inLanguage":"ca","potentialAction":[{"@type":"ReadAction","target":["https:\/\/escalantecentreteatral.dival.es\/val\/escola\/seminarios-para-profesionales"]}]},{"@type":"BreadcrumbList","@id":"https:\/\/escalantecentreteatral.dival.es\/val\/escola\/seminarios-para-profesionales#breadcrumb","itemListElement":[{"@type":"ListItem","position":1,"name":"Home","item":"https:\/\/escalantecentreteatral.dival.es\/val"},{"@type":"ListItem","position":2,"name":"Escola","item":"https:\/\/escalantecentreteatral.dival.es\/val\/escola"},{"@type":"ListItem","position":3,"name":"Seminaris per a professionals"}]},{"@type":"WebSite","@id":"https:\/\/escalantecentreteatral.dival.es\/val\/#website","url":"https:\/\/escalantecentreteatral.dival.es\/val\/","name":"Escalante Centre Teatral","description":"Valencia | espectaculos | musicales | artes escenicas.","publisher":{"@id":"https:\/\/escalantecentreteatral.dival.es\/val\/#organization"},"potentialAction":[{"@type":"SearchAction","target":{"@type":"EntryPoint","urlTemplate":"https:\/\/escalantecentreteatral.dival.es\/val\/?s={search_term_string}"},"query-input":"required name=search_term_string"}],"inLanguage":"ca"},{"@type":"Organization","@id":"https:\/\/escalantecentreteatral.dival.es\/val\/#organization","name":"Escalante Centre Teatral","alternateName":"Escalante Centre Teatral Val\u00e8ncia","url":"https:\/\/escalantecentreteatral.dival.es\/val\/","logo":{"@type":"ImageObject","inLanguage":"ca","@id":"https:\/\/escalantecentreteatral.dival.es\/val\/#\/schema\/logo\/image\/","url":"https:\/\/escalantecentreteatral.dival.es\/wp-content\/uploads\/logo_ect-1.png","contentUrl":"https:\/\/escalantecentreteatral.dival.es\/wp-content\/uploads\/logo_ect-1.png","width":1024,"height":292,"caption":"Escalante Centre Teatral"},"image":{"@id":"https:\/\/escalantecentreteatral.dival.es\/val\/#\/schema\/logo\/image\/"},"sameAs":["https:\/\/www.facebook.com\/EscalanteTeatre","https:\/\/twitter.com\/TeatreEscalante","https:\/\/www.instagram.com\/centre_escalante\/","https:\/\/www.youtube.com\/channel\/UCaXtimrtZ6eLZKN2qPgPa3g"]}]}},"_links":{"self":[{"href":"https:\/\/escalantecentreteatral.dival.es\/val\/wp-json\/wp\/v2\/pages\/4065"}],"collection":[{"href":"https:\/\/escalantecentreteatral.dival.es\/val\/wp-json\/wp\/v2\/pages"}],"about":[{"href":"https:\/\/escalantecentreteatral.dival.es\/val\/wp-json\/wp\/v2\/types\/page"}],"author":[{"embeddable":true,"href":"https:\/\/escalantecentreteatral.dival.es\/val\/wp-json\/wp\/v2\/users\/1"}],"replies":[{"embeddable":true,"href":"https:\/\/escalantecentreteatral.dival.es\/val\/wp-json\/wp\/v2\/comments?post=4065"}],"version-history":[{"count":37,"href":"https:\/\/escalantecentreteatral.dival.es\/val\/wp-json\/wp\/v2\/pages\/4065\/revisions"}],"predecessor-version":[{"id":21139,"href":"https:\/\/escalantecentreteatral.dival.es\/val\/wp-json\/wp\/v2\/pages\/4065\/revisions\/21139"}],"up":[{"embeddable":true,"href":"https:\/\/escalantecentreteatral.dival.es\/val\/wp-json\/wp\/v2\/pages\/1479"}],"wp:featuredmedia":[{"embeddable":true,"href":"https:\/\/escalantecentreteatral.dival.es\/val\/wp-json\/wp\/v2\/media\/15444"}],"wp:attachment":[{"href":"https:\/\/escalantecentreteatral.dival.es\/val\/wp-json\/wp\/v2\/media?parent=4065"}],"curies":[{"name":"wp","href":"https:\/\/api.w.org\/{rel}","templated":true}]}}