{"id":1900,"date":"2016-10-13T08:50:00","date_gmt":"2016-10-13T08:50:00","guid":{"rendered":"https:\/\/escalantecentreteatral.dival.es\/val\/nota-legal"},"modified":"2023-09-11T18:15:51","modified_gmt":"2023-09-11T16:15:51","slug":"politica-privacitat","status":"publish","type":"page","link":"https:\/\/escalantecentreteatral.dival.es\/val\/politica-privacitat","title":{"rendered":"Pol\u00edtica de privacitat"},"content":{"rendered":"\n<p>La Diputaci\u00f3 de Val\u00e8ncia t\u00e9 com una de les seues prioritats garantir el dret fonamental a la protecci\u00f3 de les dades personals, tant de les persones usu\u00e0ries que es relacionen amb la seua Administraci\u00f3 com del personal empleat p\u00fablic al seu servei.<\/p>\n\n\n\n<p>En aquest sentit, la Diputaci\u00f3 de Val\u00e8ncia manifesta que el tractament de les dades de car\u00e0cter personal que puga resultar necessari per al desenvolupament de les seues compet\u00e8ncies a trav\u00e9s del seu portal web, s\u2019ajustar\u00e0 escrupolosament al que disposa el Reglament (EU) 2016\/679 del Parlament Europeu i del Consell (Reglament General de Protecci\u00f3 de Dades), la Llei Org\u00e0nica 3\/2018, de Protecci\u00f3 de Dades i Garantia dels Drets Digitals, i a la normativa de desplegament o connexa que puga resultar d\u2019aplicaci\u00f3 en l\u2019actualitat o en un futur.<\/p>\n\n\n\n<p>En concret, totes les dades personals que puguen subministrar les persones interessades a trav\u00e9s d\u2019aquest portal no seran destinades a finalitats diferents de les expressades en el moment de la seua aportaci\u00f3, segons el sup\u00f2sit espec\u00edfic de qu\u00e8 es tracte, ni comunicades a tercers tret d\u2019aquells sup\u00f2sits legals en qu\u00e8 puga procedir-se a l\u2019esmentada comunicaci\u00f3 o es dispose del consentiment expr\u00e9s de la persona interessada. Per a la informaci\u00f3 sobre les cessions i comunicacions a tercers per a un tractament en concret, consulte el&nbsp;<a href=\"http:\/\/www.dival.es\/content\/registre-activitats-de-tractament\">Registre d&#8217;Activitats de Tractament<\/a>.<\/p>\n\n\n\n<p>La base jur\u00eddica que leg\u00edtima el tractament de les seues dades personals pot tindre diversa naturalesa. La base jur\u00eddica concreta per a un determinat tractament pot consultar-la en el nostre&nbsp;<a href=\"http:\/\/www.dival.es\/content\/registre-activitats-de-tractament\">Registre d&#8217;Activitats de Tractament<\/a>.<\/p>\n\n\n\n<p>De la mateixa manera, aquest tractament s\u2019efectuar\u00e0 de manera confidencial. Aix\u00ed mateix, la Diputaci\u00f3 de Val\u00e8ncia podr\u00e0 fer \u00fas de les dades contingudes en els seus fitxers amb finalitats hist\u00f2riques, estad\u00edstiques o cient\u00edfiques.<\/p>\n\n\n\n<p>El responsable dels tractaments a qu\u00e8 s\u00f3n sotmeses les dades personals \u00e9s la Diputaci\u00f3 de Val\u00e8ncia amb adre\u00e7a a la pla\u00e7a de Manises, n\u00fam. 4, CP 46003, Val\u00e8ncia. L\u2019adre\u00e7a de contacte del Delegat de Protecci\u00f3 de Dades \u00e9s la seg\u00fcent:&nbsp;<a href=\"mailto:pdp@dival.es\">pdp@dival.es<\/a><\/p>\n\n\n\n<p>Les dades personals tractades en cada una de les finalitats indicades a la persona interessada es mantindran durant els terminis legalment previstos o durant el termini que un jutjat o tribunal les puga requerir, d\u2019acord amb el termini de prescripci\u00f3 d\u2019accions judicials. Per a m\u00e9s informaci\u00f3 sobre els terminis de conservaci\u00f3 per a un tractament en concret, consulte el&nbsp;<a href=\"http:\/\/www.dival.es\/content\/registre-activitats-de-tractament\">Registre d&#8217;Activitats de Tractament<\/a>.<\/p>\n\n\n\n<p>Respecte als drets de les persones interessades, qualsevol persona t\u00e9 dret a obtindre confirmaci\u00f3 sobre l\u2019exist\u00e8ncia d\u2019un tractament de les seues dades, a accedir a les seues dades personals, sol\u00b7licitar-ne la rectificaci\u00f3 de les que siguen inexactes o, si \u00e9s el cas, sol\u00b7licitar la supressi\u00f3 quan, entre altres motius, les dades ja no siguen necess\u00e0ries per als fins per als quals van ser arreplegades o la persona interessada en retire el consentiment atorgat.<\/p>\n\n\n\n<p>En determinats sup\u00f2sits la persona interessada podr\u00e0 sol\u00b7licitar la limitaci\u00f3 del tractament de les seues dades i, en aquest cas, nom\u00e9s les conservarem d\u2019acord amb la normativa vigent.<\/p>\n\n\n\n<p>En el cas que siga aplicable, pot exercitar el seu dret a la portabilitat de les dades, que seran entregades en un format estructurat, d\u2019\u00fas com\u00fa o lectura mec\u00e0nica b\u00e9 a vost\u00e9 o b\u00e9 a la nou responsable de tractament que designe.<\/p>\n\n\n\n<p>Contingut dels drets reconeguts en els art 15 al 22 del Reglament (EU) 2016\/679 en la seua aplicaci\u00f3 pel responsable del tractament:<\/p>\n\n\n\n<ul>\n<li><strong>Dret d&#8217;acc\u00e9s:<\/strong>la persona interessada podr\u00e0 sol\u00b7licitar i obtindre de forma gratu\u00efta la informaci\u00f3 de les seues dades de car\u00e0cter personal sotmesos a tractament, l&#8217;origen de les dits dades i les comunicacions realitzades o que es preveu fer dels mateixos. El dret d&#8217;acc\u00e9s no podr\u00e0 dur-se a terme en intervals inferiors a 6 mesos, excepte causa justificada.<\/li>\n\n\n\n<li><strong>Dret de rectificaci\u00f3:<\/strong>Seran rectificats les dades de car\u00e0cter personal quan resulten inexactes o incomplets. Si f\u00f3ra necessari, la persona interessada adjuntar\u00e0 la documentaci\u00f3 justificativa de la dita rectificaci\u00f3.<\/li>\n\n\n\n<li><strong>Dret de supressi\u00f3:<\/strong>Seran suprimits les dades de car\u00e0cter personal si concorre alguna les circumst\u00e0ncies seg\u00fcents:\n<ol>\n<li>no s\u00f3n necessaris per als fins per als que van ser arreplegats<\/li>\n\n\n\n<li>es retira el consentiment sent esta l&#8217;\u00fanica base de legitimaci\u00f3 per al tractament<\/li>\n\n\n\n<li>es fa \u00fas del dret d&#8217;oposici\u00f3 i no hi ha altres motius leg\u00edtims per al tractament.<\/li>\n\n\n\n<li>exist\u00e8ncia d&#8217;una obligaci\u00f3 legal que establisca la supressi\u00f3 dels dits dades<\/li>\n<\/ol>\n<\/li>\n\n\n\n<li><strong>Dret a la limitaci\u00f3 de tractament:<\/strong>Podr\u00e0 ser limitat el tractament de les dades a inst\u00e0ncia de la persona interessada quan:\n<ol>\n<li>S&#8217;impugne l&#8217;exactitud de les dades<\/li>\n\n\n\n<li>El tractament siga il\u00b7l\u00edcit i no sol\u00b7licite el dret de supressi\u00f3<\/li>\n\n\n\n<li>Els necessite en el transcurs d&#8217;una reclamaci\u00f3.<\/li>\n\n\n\n<li>S&#8217;ha fet \u00fas del dret d&#8217;oposici\u00f3 i s&#8217;est\u00e0 verificant si els motius leg\u00edtims del responsable prevalen sobre els de la persona interessada.<\/li>\n<\/ol>\n<\/li>\n\n\n\n<li><strong>Dret a la portabilitat:<\/strong>L&#8217;interessat podr\u00e0 rebre les dades que haja facilitat i transmetre&#8217;ls a un altre responsable del tractament sempre que el dit tractament s&#8217;haja realitzat per mitjans automatitzats i que la seua licitud s&#8217;haja basat \u00fanicament en el consentiment o en la necessitat del dit tractament per a l&#8217;execuci\u00f3 d&#8217;un contracte.<\/li>\n\n\n\n<li><strong>Dret d&#8217;oposici\u00f3:<\/strong>En els casos en qu\u00e8 no siga necessari el consentiment de la persona afectada per al tractament de les dades de car\u00e0cter personal o no siga necessari per a l&#8217;execuci\u00f3 d&#8217;un contracte, i sempre que una Llei no dispose el contrari, la persona interessada podr\u00e0 oposar-se al seu tractament quan existisquen motius fundats i leg\u00edtims relatius a una concreta situaci\u00f3 personal<\/li>\n<\/ul>\n\n\n\n<p>La persona interessada t\u00e9 dret a revocar en qualsevol moment el consentiment per a qualsevol dels tractaments per als quals l\u2019ha atorgat.<\/p>\n\n\n\n<p>Per a exercitar els drets esmentats davant la Diputaci\u00f3 Provincial de Val\u00e8ncia s\u2019ha de dirigir per mitj\u00e0 de sol\u00b7licitud al Registre d\u2019Entrada, l\u2019adre\u00e7a de la qual \u00e9s carrer dels Serrans n\u00famero 2, 46003 Val\u00e8ncia. Per a aquest fi, i si la persona interessada ho desitja, pot fer \u00fas del&nbsp;<a href=\"http:\/\/www.dival.es\/va\/content\/sol-licitud-lopd\">model de sol\u00b7licitud<\/a>&nbsp;(punxeu per a descarregar) que es posa a la seua disposici\u00f3 o b\u00e9 utilitzar els elaborats per l\u2019Ag\u00e8ncia Espanyola de Protecci\u00f3 de Dades. Aix\u00ed mateix, pot tramitar la dita sol\u00b7licitud a trav\u00e9s de la seu electr\u00f2nica de la Diputaci\u00f3 si disposa dels certificats digitals oportuns&nbsp;(<a href=\"https:\/\/www.sede.dival.es\/\">https:\/\/www.sede.dival.es<\/a>).<\/p>\n\n\n\n<p>T\u00e9 dret a presentar una reclamaci\u00f3 davant de l\u2019Ag\u00e8ncia Espanyola de Protecci\u00f3 de Dades en el sup\u00f2sit que considere que no s\u2019ha at\u00e9s convenientment l\u2019exercici dels seus drets. El termini m\u00e0xim per a resoldre-ho \u00e9s el d\u2019un mes a comptar des de la recepci\u00f3 de la sol\u00b7licitud, el qual pot ser prorrogat per dos mesos m\u00e9s at\u00e9s el nombre de sol\u00b7licituds rebudes o la complexitat d\u2019aquestes.<\/p>\n\n\n\n<p>Aix\u00ed mateix, en cas que es produ\u00efsca una violaci\u00f3 de la seguretat de les dades personals que puga comportar un alt risc per als drets i les llibertats de les persones f\u00edsiques, la persona interessada rebr\u00e0 la informaci\u00f3 corresponent d\u2019acord amb l\u2019article 38 del Reglament (EU) 2016\/679 del Parlament Europeu i del Consell (Reglament General de Protecci\u00f3 de Dades).<\/p>\n\n\n\n<p>Igualment, la Diputaci\u00f3 de Val\u00e8ncia informa que ha desenvolupat una normativa interna, d\u2019obligat compliment per a tot el personal empleat p\u00fablic que tracte dades de car\u00e0cter personal, en la qual es descriuen els procediments i les pautes que han d\u2019observar-se per al compliment de la normativa legal sobre protecci\u00f3 de dades de car\u00e0cter personal. I, especialment, normes d\u2019informaci\u00f3 i procediments per al tractament d\u2019aquest tipus de dades i normes de seguretat (equips, instal\u00b7lacions, etc.) per a assegurar la integritat, la confidencialitat i la disponibilitat de la informaci\u00f3.<\/p>\n\n\n\n<p>Per a qualsevol dubte sobre la pol\u00edtica de privacitat expressada anteriorment, pot contactar amb el Delegat de Protecci\u00f3 de Dades.<\/p>\n","protected":false},"excerpt":{"rendered":"<p>La Diputaci\u00f3 de Val\u00e8ncia t\u00e9 com una de les seues prioritats garantir el dret fonamental a la protecci\u00f3 de les dades personals, tant de les persones usu\u00e0ries que es relacionen amb la seua Administraci\u00f3 com del personal empleat p\u00fablic al seu servei. En aquest sentit, la Diputaci\u00f3 de Val\u00e8ncia manifesta que el tractament de les [&hellip;]<\/p>\n","protected":false},"author":1,"featured_media":0,"parent":0,"menu_order":46,"comment_status":"closed","ping_status":"closed","template":"template-basica-sincol-der.php","meta":{"inline_featured_image":false},"acf":[],"yoast_head":"<!-- This site is optimized with the Yoast SEO plugin v21.1 - https:\/\/yoast.com\/wordpress\/plugins\/seo\/ -->\n<title>Pol\u00edtica de privacitat - Escalante Centre Teatral<\/title>\n<meta name=\"robots\" content=\"index, follow, max-snippet:-1, max-image-preview:large, max-video-preview:-1\" \/>\n<link rel=\"canonical\" href=\"https:\/\/escalantecentreteatral.dival.es\/politica-privacidad\" \/>\n<meta property=\"og:locale\" content=\"ca_ES\" \/>\n<meta property=\"og:type\" content=\"article\" \/>\n<meta property=\"og:title\" content=\"Pol\u00edtica de privacitat - Escalante Centre Teatral\" \/>\n<meta property=\"og:description\" content=\"La Diputaci\u00f3 de Val\u00e8ncia t\u00e9 com una de les seues prioritats garantir el dret fonamental a la protecci\u00f3 de les dades personals, tant de les persones usu\u00e0ries que es relacionen amb la seua Administraci\u00f3 com del personal empleat p\u00fablic al seu servei. En aquest sentit, la Diputaci\u00f3 de Val\u00e8ncia manifesta que el tractament de les [&hellip;]\" \/>\n<meta property=\"og:url\" content=\"https:\/\/escalantecentreteatral.dival.es\/politica-privacidad\" \/>\n<meta property=\"og:site_name\" content=\"Escalante Centre Teatral\" \/>\n<meta property=\"article:publisher\" content=\"https:\/\/www.facebook.com\/EscalanteTeatre\" \/>\n<meta property=\"article:modified_time\" content=\"2023-09-11T16:15:51+00:00\" \/>\n<meta property=\"og:image\" content=\"https:\/\/escalantecentreteatral.dival.es\/wp-content\/uploads\/logo_ect_nu_ect.png\" \/>\n\t<meta property=\"og:image:width\" content=\"800\" \/>\n\t<meta property=\"og:image:height\" content=\"800\" \/>\n\t<meta property=\"og:image:type\" content=\"image\/png\" \/>\n<meta name=\"twitter:card\" content=\"summary_large_image\" \/>\n<meta name=\"twitter:site\" content=\"@TeatreEscalante\" \/>\n<meta name=\"twitter:label1\" content=\"Est. reading time\" \/>\n\t<meta name=\"twitter:data1\" content=\"7 minutes\" \/>\n<script type=\"application\/ld+json\" class=\"yoast-schema-graph\">{\"@context\":\"https:\/\/schema.org\",\"@graph\":[{\"@type\":\"WebPage\",\"@id\":\"https:\/\/escalantecentreteatral.dival.es\/politica-privacidad\",\"url\":\"https:\/\/escalantecentreteatral.dival.es\/politica-privacidad\",\"name\":\"Pol\u00edtica de privacitat - Escalante Centre Teatral\",\"isPartOf\":{\"@id\":\"https:\/\/escalantecentreteatral.dival.es\/val\/#website\"},\"datePublished\":\"2016-10-13T08:50:00+00:00\",\"dateModified\":\"2023-09-11T16:15:51+00:00\",\"breadcrumb\":{\"@id\":\"https:\/\/escalantecentreteatral.dival.es\/politica-privacidad#breadcrumb\"},\"inLanguage\":\"ca\",\"potentialAction\":[{\"@type\":\"ReadAction\",\"target\":[\"https:\/\/escalantecentreteatral.dival.es\/politica-privacidad\"]}]},{\"@type\":\"BreadcrumbList\",\"@id\":\"https:\/\/escalantecentreteatral.dival.es\/politica-privacidad#breadcrumb\",\"itemListElement\":[{\"@type\":\"ListItem\",\"position\":1,\"name\":\"Home\",\"item\":\"https:\/\/escalantecentreteatral.dival.es\/val\"},{\"@type\":\"ListItem\",\"position\":2,\"name\":\"Pol\u00edtica de privacitat\"}]},{\"@type\":\"WebSite\",\"@id\":\"https:\/\/escalantecentreteatral.dival.es\/val\/#website\",\"url\":\"https:\/\/escalantecentreteatral.dival.es\/val\/\",\"name\":\"Escalante Centre Teatral\",\"description\":\"Valencia | espectaculos | musicales | artes escenicas.\",\"publisher\":{\"@id\":\"https:\/\/escalantecentreteatral.dival.es\/val\/#organization\"},\"potentialAction\":[{\"@type\":\"SearchAction\",\"target\":{\"@type\":\"EntryPoint\",\"urlTemplate\":\"https:\/\/escalantecentreteatral.dival.es\/val\/?s={search_term_string}\"},\"query-input\":\"required name=search_term_string\"}],\"inLanguage\":\"ca\"},{\"@type\":\"Organization\",\"@id\":\"https:\/\/escalantecentreteatral.dival.es\/val\/#organization\",\"name\":\"Escalante Centre Teatral\",\"alternateName\":\"Escalante Centre Teatral Val\u00e8ncia\",\"url\":\"https:\/\/escalantecentreteatral.dival.es\/val\/\",\"logo\":{\"@type\":\"ImageObject\",\"inLanguage\":\"ca\",\"@id\":\"https:\/\/escalantecentreteatral.dival.es\/val\/#\/schema\/logo\/image\/\",\"url\":\"https:\/\/escalantecentreteatral.dival.es\/wp-content\/uploads\/logo_ect-1.png\",\"contentUrl\":\"https:\/\/escalantecentreteatral.dival.es\/wp-content\/uploads\/logo_ect-1.png\",\"width\":1024,\"height\":292,\"caption\":\"Escalante Centre Teatral\"},\"image\":{\"@id\":\"https:\/\/escalantecentreteatral.dival.es\/val\/#\/schema\/logo\/image\/\"},\"sameAs\":[\"https:\/\/www.facebook.com\/EscalanteTeatre\",\"https:\/\/twitter.com\/TeatreEscalante\",\"https:\/\/www.instagram.com\/centre_escalante\/\",\"https:\/\/www.youtube.com\/channel\/UCaXtimrtZ6eLZKN2qPgPa3g\"]}]}<\/script>\n<!-- \/ Yoast SEO plugin. -->","yoast_head_json":{"title":"Pol\u00edtica de privacitat - Escalante Centre Teatral","robots":{"index":"index","follow":"follow","max-snippet":"max-snippet:-1","max-image-preview":"max-image-preview:large","max-video-preview":"max-video-preview:-1"},"canonical":"https:\/\/escalantecentreteatral.dival.es\/politica-privacidad","og_locale":"ca_ES","og_type":"article","og_title":"Pol\u00edtica de privacitat - Escalante Centre Teatral","og_description":"La Diputaci\u00f3 de Val\u00e8ncia t\u00e9 com una de les seues prioritats garantir el dret fonamental a la protecci\u00f3 de les dades personals, tant de les persones usu\u00e0ries que es relacionen amb la seua Administraci\u00f3 com del personal empleat p\u00fablic al seu servei. En aquest sentit, la Diputaci\u00f3 de Val\u00e8ncia manifesta que el tractament de les [&hellip;]","og_url":"https:\/\/escalantecentreteatral.dival.es\/politica-privacidad","og_site_name":"Escalante Centre Teatral","article_publisher":"https:\/\/www.facebook.com\/EscalanteTeatre","article_modified_time":"2023-09-11T16:15:51+00:00","og_image":[{"width":800,"height":800,"url":"https:\/\/escalantecentreteatral.dival.es\/wp-content\/uploads\/logo_ect_nu_ect.png","type":"image\/png"}],"twitter_card":"summary_large_image","twitter_site":"@TeatreEscalante","twitter_misc":{"Est. reading time":"7 minutes"},"schema":{"@context":"https:\/\/schema.org","@graph":[{"@type":"WebPage","@id":"https:\/\/escalantecentreteatral.dival.es\/politica-privacidad","url":"https:\/\/escalantecentreteatral.dival.es\/politica-privacidad","name":"Pol\u00edtica de privacitat - Escalante Centre Teatral","isPartOf":{"@id":"https:\/\/escalantecentreteatral.dival.es\/val\/#website"},"datePublished":"2016-10-13T08:50:00+00:00","dateModified":"2023-09-11T16:15:51+00:00","breadcrumb":{"@id":"https:\/\/escalantecentreteatral.dival.es\/politica-privacidad#breadcrumb"},"inLanguage":"ca","potentialAction":[{"@type":"ReadAction","target":["https:\/\/escalantecentreteatral.dival.es\/politica-privacidad"]}]},{"@type":"BreadcrumbList","@id":"https:\/\/escalantecentreteatral.dival.es\/politica-privacidad#breadcrumb","itemListElement":[{"@type":"ListItem","position":1,"name":"Home","item":"https:\/\/escalantecentreteatral.dival.es\/val"},{"@type":"ListItem","position":2,"name":"Pol\u00edtica de privacitat"}]},{"@type":"WebSite","@id":"https:\/\/escalantecentreteatral.dival.es\/val\/#website","url":"https:\/\/escalantecentreteatral.dival.es\/val\/","name":"Escalante Centre Teatral","description":"Valencia | espectaculos | musicales | artes escenicas.","publisher":{"@id":"https:\/\/escalantecentreteatral.dival.es\/val\/#organization"},"potentialAction":[{"@type":"SearchAction","target":{"@type":"EntryPoint","urlTemplate":"https:\/\/escalantecentreteatral.dival.es\/val\/?s={search_term_string}"},"query-input":"required name=search_term_string"}],"inLanguage":"ca"},{"@type":"Organization","@id":"https:\/\/escalantecentreteatral.dival.es\/val\/#organization","name":"Escalante Centre Teatral","alternateName":"Escalante Centre Teatral Val\u00e8ncia","url":"https:\/\/escalantecentreteatral.dival.es\/val\/","logo":{"@type":"ImageObject","inLanguage":"ca","@id":"https:\/\/escalantecentreteatral.dival.es\/val\/#\/schema\/logo\/image\/","url":"https:\/\/escalantecentreteatral.dival.es\/wp-content\/uploads\/logo_ect-1.png","contentUrl":"https:\/\/escalantecentreteatral.dival.es\/wp-content\/uploads\/logo_ect-1.png","width":1024,"height":292,"caption":"Escalante Centre Teatral"},"image":{"@id":"https:\/\/escalantecentreteatral.dival.es\/val\/#\/schema\/logo\/image\/"},"sameAs":["https:\/\/www.facebook.com\/EscalanteTeatre","https:\/\/twitter.com\/TeatreEscalante","https:\/\/www.instagram.com\/centre_escalante\/","https:\/\/www.youtube.com\/channel\/UCaXtimrtZ6eLZKN2qPgPa3g"]}]}},"_links":{"self":[{"href":"https:\/\/escalantecentreteatral.dival.es\/val\/wp-json\/wp\/v2\/pages\/1900"}],"collection":[{"href":"https:\/\/escalantecentreteatral.dival.es\/val\/wp-json\/wp\/v2\/pages"}],"about":[{"href":"https:\/\/escalantecentreteatral.dival.es\/val\/wp-json\/wp\/v2\/types\/page"}],"author":[{"embeddable":true,"href":"https:\/\/escalantecentreteatral.dival.es\/val\/wp-json\/wp\/v2\/users\/1"}],"replies":[{"embeddable":true,"href":"https:\/\/escalantecentreteatral.dival.es\/val\/wp-json\/wp\/v2\/comments?post=1900"}],"version-history":[{"count":6,"href":"https:\/\/escalantecentreteatral.dival.es\/val\/wp-json\/wp\/v2\/pages\/1900\/revisions"}],"predecessor-version":[{"id":16127,"href":"https:\/\/escalantecentreteatral.dival.es\/val\/wp-json\/wp\/v2\/pages\/1900\/revisions\/16127"}],"wp:attachment":[{"href":"https:\/\/escalantecentreteatral.dival.es\/val\/wp-json\/wp\/v2\/media?parent=1900"}],"curies":[{"name":"wp","href":"https:\/\/api.w.org\/{rel}","templated":true}]}}