{"id":1503,"date":"2016-09-22T08:49:18","date_gmt":"2016-09-22T06:49:18","guid":{"rendered":"https:\/\/escalantecentreteatral.dival.es\/val\/home"},"modified":"2023-11-26T10:52:56","modified_gmt":"2023-11-26T09:52:56","slug":"home","status":"publish","type":"page","link":"https:\/\/escalantecentreteatral.dival.es\/val","title":{"rendered":"Escalante"},"content":{"rendered":"\n<p>El Centre Teatral Escalante s\u2019ha convertit en el punt de refer\u00e8ncia principal per a les fam\u00edlies i els centres escolars valencians que hi participen ass\u00edduament del programa anual d\u2019activitats. Tamb\u00e9 ha sigut un element fonamental en el creixement i la consolidaci\u00f3 dels professionals valencians de les arts esc\u00e8niques.<\/p>\n","protected":false},"excerpt":{"rendered":"<p>El Centre Teatral Escalante s\u2019ha convertit en el punt de refer\u00e8ncia principal per a les fam\u00edlies i els centres escolars valencians que hi participen ass\u00edduament del programa anual d\u2019activitats. Tamb\u00e9 ha sigut un element fonamental en el creixement i la consolidaci\u00f3 dels professionals valencians de les arts esc\u00e8niques.<\/p>\n","protected":false},"author":1,"featured_media":0,"parent":0,"menu_order":67,"comment_status":"closed","ping_status":"closed","template":"template-home.php","meta":{"inline_featured_image":false},"acf":[],"yoast_head":"<!-- This site is optimized with the Yoast SEO plugin v21.1 - https:\/\/yoast.com\/wordpress\/plugins\/seo\/ -->\n<title>Escalante - Escalante Centre Teatral<\/title>\n<meta name=\"description\" content=\"El Teatre Escalante de Valencia s\u2019ha convertit en el punt de refer\u00e8ncia principal per a les fam\u00edlies i els centres escolars valencians que hi participen ass\u00edduament del programa anual d\u2019activitats. Tamb\u00e9 ha sigut un element fonamental en el creixement i la consolidaci\u00f3 dels professionals valencians de les arts esc\u00e8niques.\" \/>\n<meta name=\"robots\" content=\"index, follow, max-snippet:-1, max-image-preview:large, max-video-preview:-1\" \/>\n<link rel=\"canonical\" href=\"https:\/\/escalantecentreteatral.dival.es\/val\" \/>\n<meta property=\"og:locale\" content=\"ca_ES\" \/>\n<meta property=\"og:type\" content=\"article\" \/>\n<meta property=\"og:title\" content=\"Escalante - Escalante Centre Teatral\" \/>\n<meta property=\"og:description\" content=\"El Teatre Escalante de Valencia s\u2019ha convertit en el punt de refer\u00e8ncia principal per a les fam\u00edlies i els centres escolars valencians que hi participen ass\u00edduament del programa anual d\u2019activitats. Tamb\u00e9 ha sigut un element fonamental en el creixement i la consolidaci\u00f3 dels professionals valencians de les arts esc\u00e8niques.\" \/>\n<meta property=\"og:url\" content=\"https:\/\/escalantecentreteatral.dival.es\/val\" \/>\n<meta property=\"og:site_name\" content=\"Escalante Centre Teatral\" \/>\n<meta property=\"article:publisher\" content=\"https:\/\/www.facebook.com\/EscalanteTeatre\" \/>\n<meta property=\"article:modified_time\" content=\"2023-11-26T09:52:56+00:00\" \/>\n<meta property=\"og:image\" content=\"https:\/\/escalantecentreteatral.dival.es\/wp-content\/uploads\/logo_ect_nu_ect.png\" \/>\n\t<meta property=\"og:image:width\" content=\"800\" \/>\n\t<meta property=\"og:image:height\" content=\"800\" \/>\n\t<meta property=\"og:image:type\" content=\"image\/png\" \/>\n<meta name=\"twitter:card\" content=\"summary_large_image\" \/>\n<meta name=\"twitter:site\" content=\"@TeatreEscalante\" \/>\n<meta name=\"twitter:label1\" content=\"Est. reading time\" \/>\n\t<meta name=\"twitter:data1\" content=\"1 minute\" \/>\n<script type=\"application\/ld+json\" class=\"yoast-schema-graph\">{\"@context\":\"https:\/\/schema.org\",\"@graph\":[{\"@type\":\"WebPage\",\"@id\":\"https:\/\/escalantecentreteatral.dival.es\/val\",\"url\":\"https:\/\/escalantecentreteatral.dival.es\/val\",\"name\":\"Escalante - Escalante Centre Teatral\",\"isPartOf\":{\"@id\":\"https:\/\/escalantecentreteatral.dival.es\/val\/#website\"},\"datePublished\":\"2016-09-22T06:49:18+00:00\",\"dateModified\":\"2023-11-26T09:52:56+00:00\",\"description\":\"El Teatre Escalante de Valencia s\u2019ha convertit en el punt de refer\u00e8ncia principal per a les fam\u00edlies i els centres escolars valencians que hi participen ass\u00edduament del programa anual d\u2019activitats. Tamb\u00e9 ha sigut un element fonamental en el creixement i la consolidaci\u00f3 dels professionals valencians de les arts esc\u00e8niques.\",\"breadcrumb\":{\"@id\":\"https:\/\/escalantecentreteatral.dival.es\/val#breadcrumb\"},\"inLanguage\":\"ca\",\"potentialAction\":[{\"@type\":\"ReadAction\",\"target\":[\"https:\/\/escalantecentreteatral.dival.es\/val\"]}]},{\"@type\":\"BreadcrumbList\",\"@id\":\"https:\/\/escalantecentreteatral.dival.es\/val#breadcrumb\",\"itemListElement\":[{\"@type\":\"ListItem\",\"position\":1,\"name\":\"Home\",\"item\":\"https:\/\/escalantecentreteatral.dival.es\/val\"},{\"@type\":\"ListItem\",\"position\":2,\"name\":\"Escalante\"}]},{\"@type\":\"WebSite\",\"@id\":\"https:\/\/escalantecentreteatral.dival.es\/val\/#website\",\"url\":\"https:\/\/escalantecentreteatral.dival.es\/val\/\",\"name\":\"Escalante Centre Teatral\",\"description\":\"Valencia | espectaculos | musicales | artes escenicas.\",\"publisher\":{\"@id\":\"https:\/\/escalantecentreteatral.dival.es\/val\/#organization\"},\"potentialAction\":[{\"@type\":\"SearchAction\",\"target\":{\"@type\":\"EntryPoint\",\"urlTemplate\":\"https:\/\/escalantecentreteatral.dival.es\/val\/?s={search_term_string}\"},\"query-input\":\"required name=search_term_string\"}],\"inLanguage\":\"ca\"},{\"@type\":\"Organization\",\"@id\":\"https:\/\/escalantecentreteatral.dival.es\/val\/#organization\",\"name\":\"Escalante Centre Teatral\",\"alternateName\":\"Escalante Centre Teatral Val\u00e8ncia\",\"url\":\"https:\/\/escalantecentreteatral.dival.es\/val\/\",\"logo\":{\"@type\":\"ImageObject\",\"inLanguage\":\"ca\",\"@id\":\"https:\/\/escalantecentreteatral.dival.es\/val\/#\/schema\/logo\/image\/\",\"url\":\"https:\/\/escalantecentreteatral.dival.es\/wp-content\/uploads\/logo_ect-1.png\",\"contentUrl\":\"https:\/\/escalantecentreteatral.dival.es\/wp-content\/uploads\/logo_ect-1.png\",\"width\":1024,\"height\":292,\"caption\":\"Escalante Centre Teatral\"},\"image\":{\"@id\":\"https:\/\/escalantecentreteatral.dival.es\/val\/#\/schema\/logo\/image\/\"},\"sameAs\":[\"https:\/\/www.facebook.com\/EscalanteTeatre\",\"https:\/\/twitter.com\/TeatreEscalante\",\"https:\/\/www.instagram.com\/centre_escalante\/\",\"https:\/\/www.youtube.com\/channel\/UCaXtimrtZ6eLZKN2qPgPa3g\"]}]}<\/script>\n<!-- \/ Yoast SEO plugin. -->","yoast_head_json":{"title":"Escalante - Escalante Centre Teatral","description":"El Teatre Escalante de Valencia s\u2019ha convertit en el punt de refer\u00e8ncia principal per a les fam\u00edlies i els centres escolars valencians que hi participen ass\u00edduament del programa anual d\u2019activitats. Tamb\u00e9 ha sigut un element fonamental en el creixement i la consolidaci\u00f3 dels professionals valencians de les arts esc\u00e8niques.","robots":{"index":"index","follow":"follow","max-snippet":"max-snippet:-1","max-image-preview":"max-image-preview:large","max-video-preview":"max-video-preview:-1"},"canonical":"https:\/\/escalantecentreteatral.dival.es\/val","og_locale":"ca_ES","og_type":"article","og_title":"Escalante - Escalante Centre Teatral","og_description":"El Teatre Escalante de Valencia s\u2019ha convertit en el punt de refer\u00e8ncia principal per a les fam\u00edlies i els centres escolars valencians que hi participen ass\u00edduament del programa anual d\u2019activitats. Tamb\u00e9 ha sigut un element fonamental en el creixement i la consolidaci\u00f3 dels professionals valencians de les arts esc\u00e8niques.","og_url":"https:\/\/escalantecentreteatral.dival.es\/val","og_site_name":"Escalante Centre Teatral","article_publisher":"https:\/\/www.facebook.com\/EscalanteTeatre","article_modified_time":"2023-11-26T09:52:56+00:00","og_image":[{"width":800,"height":800,"url":"https:\/\/escalantecentreteatral.dival.es\/wp-content\/uploads\/logo_ect_nu_ect.png","type":"image\/png"}],"twitter_card":"summary_large_image","twitter_site":"@TeatreEscalante","twitter_misc":{"Est. reading time":"1 minute"},"schema":{"@context":"https:\/\/schema.org","@graph":[{"@type":"WebPage","@id":"https:\/\/escalantecentreteatral.dival.es\/val","url":"https:\/\/escalantecentreteatral.dival.es\/val","name":"Escalante - Escalante Centre Teatral","isPartOf":{"@id":"https:\/\/escalantecentreteatral.dival.es\/val\/#website"},"datePublished":"2016-09-22T06:49:18+00:00","dateModified":"2023-11-26T09:52:56+00:00","description":"El Teatre Escalante de Valencia s\u2019ha convertit en el punt de refer\u00e8ncia principal per a les fam\u00edlies i els centres escolars valencians que hi participen ass\u00edduament del programa anual d\u2019activitats. Tamb\u00e9 ha sigut un element fonamental en el creixement i la consolidaci\u00f3 dels professionals valencians de les arts esc\u00e8niques.","breadcrumb":{"@id":"https:\/\/escalantecentreteatral.dival.es\/val#breadcrumb"},"inLanguage":"ca","potentialAction":[{"@type":"ReadAction","target":["https:\/\/escalantecentreteatral.dival.es\/val"]}]},{"@type":"BreadcrumbList","@id":"https:\/\/escalantecentreteatral.dival.es\/val#breadcrumb","itemListElement":[{"@type":"ListItem","position":1,"name":"Home","item":"https:\/\/escalantecentreteatral.dival.es\/val"},{"@type":"ListItem","position":2,"name":"Escalante"}]},{"@type":"WebSite","@id":"https:\/\/escalantecentreteatral.dival.es\/val\/#website","url":"https:\/\/escalantecentreteatral.dival.es\/val\/","name":"Escalante Centre Teatral","description":"Valencia | espectaculos | musicales | artes escenicas.","publisher":{"@id":"https:\/\/escalantecentreteatral.dival.es\/val\/#organization"},"potentialAction":[{"@type":"SearchAction","target":{"@type":"EntryPoint","urlTemplate":"https:\/\/escalantecentreteatral.dival.es\/val\/?s={search_term_string}"},"query-input":"required name=search_term_string"}],"inLanguage":"ca"},{"@type":"Organization","@id":"https:\/\/escalantecentreteatral.dival.es\/val\/#organization","name":"Escalante Centre Teatral","alternateName":"Escalante Centre Teatral Val\u00e8ncia","url":"https:\/\/escalantecentreteatral.dival.es\/val\/","logo":{"@type":"ImageObject","inLanguage":"ca","@id":"https:\/\/escalantecentreteatral.dival.es\/val\/#\/schema\/logo\/image\/","url":"https:\/\/escalantecentreteatral.dival.es\/wp-content\/uploads\/logo_ect-1.png","contentUrl":"https:\/\/escalantecentreteatral.dival.es\/wp-content\/uploads\/logo_ect-1.png","width":1024,"height":292,"caption":"Escalante Centre Teatral"},"image":{"@id":"https:\/\/escalantecentreteatral.dival.es\/val\/#\/schema\/logo\/image\/"},"sameAs":["https:\/\/www.facebook.com\/EscalanteTeatre","https:\/\/twitter.com\/TeatreEscalante","https:\/\/www.instagram.com\/centre_escalante\/","https:\/\/www.youtube.com\/channel\/UCaXtimrtZ6eLZKN2qPgPa3g"]}]}},"_links":{"self":[{"href":"https:\/\/escalantecentreteatral.dival.es\/val\/wp-json\/wp\/v2\/pages\/1503"}],"collection":[{"href":"https:\/\/escalantecentreteatral.dival.es\/val\/wp-json\/wp\/v2\/pages"}],"about":[{"href":"https:\/\/escalantecentreteatral.dival.es\/val\/wp-json\/wp\/v2\/types\/page"}],"author":[{"embeddable":true,"href":"https:\/\/escalantecentreteatral.dival.es\/val\/wp-json\/wp\/v2\/users\/1"}],"replies":[{"embeddable":true,"href":"https:\/\/escalantecentreteatral.dival.es\/val\/wp-json\/wp\/v2\/comments?post=1503"}],"version-history":[{"count":7,"href":"https:\/\/escalantecentreteatral.dival.es\/val\/wp-json\/wp\/v2\/pages\/1503\/revisions"}],"predecessor-version":[{"id":16783,"href":"https:\/\/escalantecentreteatral.dival.es\/val\/wp-json\/wp\/v2\/pages\/1503\/revisions\/16783"}],"wp:attachment":[{"href":"https:\/\/escalantecentreteatral.dival.es\/val\/wp-json\/wp\/v2\/media?parent=1503"}],"curies":[{"name":"wp","href":"https:\/\/api.w.org\/{rel}","templated":true}]}}