{"id":1492,"date":"2016-09-24T12:16:46","date_gmt":"2016-09-24T10:16:46","guid":{"rendered":"https:\/\/escalantecentreteatral.dival.es\/val\/escola\/cursos-para-profesionales"},"modified":"2024-09-16T16:55:52","modified_gmt":"2024-09-16T14:55:52","slug":"cursos-profesionals","status":"publish","type":"page","link":"https:\/\/escalantecentreteatral.dival.es\/val\/escola\/cursos-profesionals","title":{"rendered":"Cursos per a professionals"},"content":{"rendered":"\n<figure class=\"wp-block-image size-full\"><img decoding=\"async\" loading=\"lazy\" width=\"1200\" height=\"433\" src=\"https:\/\/escalantecentreteatral.dival.es\/wp-content\/uploads\/banner_temp_24-25.jpg\" alt=\"\" class=\"wp-image-19002\" srcset=\"https:\/\/escalantecentreteatral.dival.es\/wp-content\/uploads\/banner_temp_24-25.jpg 1200w, https:\/\/escalantecentreteatral.dival.es\/wp-content\/uploads\/banner_temp_24-25-900x325.jpg 900w, https:\/\/escalantecentreteatral.dival.es\/wp-content\/uploads\/banner_temp_24-25-768x277.jpg 768w\" sizes=\"(max-width: 1200px) 100vw, 1200px\" \/><\/figure>\n\n\n\n<div style=\"height:25px\" aria-hidden=\"true\" class=\"wp-block-spacer\"><\/div>\n\n\n\n<div class=\"wp-block-columns is-layout-flex wp-container-3\">\n<div class=\"wp-block-column is-layout-flow\">\n<p>Este nou projecte del <strong>Teatre Escalante<\/strong> pret\u00e9n oferir als <strong>professionals de la interpretaci\u00f3<\/strong>, la <strong>dramat\u00fargia<\/strong> i la <strong>direcci\u00f3 esc\u00e8nica<\/strong> la continu\u00eftat de la seua formaci\u00f3 en mat\u00e8ries i disciplines impartides per <strong>especialistes de les arts esc\u00e8niques.<\/strong><\/p>\n\n\n\n<p>Comptarem amb personal docent que siga portador d\u2019experi\u00e8ncia i estudi en cada disciplina, que haja pogut filtrar els coneixements generals a partir de la seua pr\u00f2pia experi\u00e8ncia professional, real; professionals que tinguen una visi\u00f3 personal sobre la disciplina art\u00edstica pertinent.<\/p>\n\n\n\n<p>Ser\u00e0 un <strong>centre de formaci\u00f3<\/strong> on els seus docents primer han de ser <strong>professionals qualificats i contrastats<\/strong> per la seua tasca al m\u00f3n professional i per la seua labor pedag\u00f2gica despr\u00e9s.<\/p>\n<\/div>\n\n\n\n<div class=\"wp-block-column col_extra is-layout-flow\">\n<h3 class=\"wp-block-heading\">A qui va dirigit?<\/h3>\n\n\n\n<ul>\n<li>Int\u00e8rprets que <strong>han acabat la seua formaci\u00f3 acad\u00e8mica<\/strong> en escoles p\u00fabliques o privades.<\/li>\n\n\n\n<li>Int\u00e8rprets professionals que <strong>hagen o no passat<\/strong> per alguna <strong>escola de formaci\u00f3 actoral.<\/strong><\/li>\n\n\n\n<li>Dramaturgs, diplomats en <strong>direcci\u00f3 esc\u00e8nica<\/strong> i directors d\u2019escena que puguen avalar la seua traject\u00f2ria amb produccions professionals.<\/li>\n<\/ul>\n\n\n\n<h3 class=\"wp-block-heading\">Informaci\u00f3 adicional:<\/h3>\n\n\n\n<p>D&#8217;octubre a maig de manera ininterrompuda. Es far\u00e0 un taller per mes.<\/p>\n\n\n\n<p>Pots apuntar-te tot l&#8217;any o nom\u00e9s als que t&#8217;interessen.<\/p>\n\n\n\n<p><strong>PREU: 25 per mes\/taller.<\/strong><\/p>\n<\/div>\n<\/div>\n","protected":false},"excerpt":{"rendered":"<p>Les especialitats s\u00f3n cursos destinats a persones graduades o diplomades en Art Dram\u00e0tic o titulacions equivalents.<\/p>\n","protected":false},"author":1,"featured_media":15441,"parent":1479,"menu_order":62,"comment_status":"closed","ping_status":"closed","template":"template-escuela_cursos-seminarios.php","meta":{"inline_featured_image":false},"acf":[],"yoast_head":"<!-- This site is optimized with the Yoast SEO plugin v21.1 - https:\/\/yoast.com\/wordpress\/plugins\/seo\/ -->\n<title>Cursos per a professionals - Escalante Centre Teatral<\/title>\n<meta name=\"robots\" content=\"index, follow, max-snippet:-1, max-image-preview:large, max-video-preview:-1\" \/>\n<link rel=\"canonical\" href=\"https:\/\/escalantecentreteatral.dival.es\/val\/escola\/cursos-profesionals\" \/>\n<meta property=\"og:locale\" content=\"ca_ES\" \/>\n<meta property=\"og:type\" content=\"article\" \/>\n<meta property=\"og:title\" content=\"Cursos per a professionals - Escalante Centre Teatral\" \/>\n<meta property=\"og:description\" content=\"Les especialitats s\u00f3n cursos destinats a persones graduades o diplomades en Art Dram\u00e0tic o titulacions equivalents.\" \/>\n<meta property=\"og:url\" content=\"https:\/\/escalantecentreteatral.dival.es\/val\/escola\/cursos-profesionals\" \/>\n<meta property=\"og:site_name\" content=\"Escalante Centre Teatral\" \/>\n<meta property=\"article:publisher\" content=\"https:\/\/www.facebook.com\/EscalanteTeatre\" \/>\n<meta property=\"article:modified_time\" content=\"2024-09-16T14:55:52+00:00\" \/>\n<meta property=\"og:image\" content=\"https:\/\/escalantecentreteatral.dival.es\/wp-content\/uploads\/curs_prof.jpg\" \/>\n\t<meta property=\"og:image:width\" content=\"2150\" \/>\n\t<meta property=\"og:image:height\" content=\"1600\" \/>\n\t<meta property=\"og:image:type\" content=\"image\/jpeg\" \/>\n<meta name=\"twitter:card\" content=\"summary_large_image\" \/>\n<meta name=\"twitter:site\" content=\"@TeatreEscalante\" \/>\n<meta name=\"twitter:label1\" content=\"Est. reading time\" \/>\n\t<meta name=\"twitter:data1\" content=\"1 minute\" \/>\n<script type=\"application\/ld+json\" class=\"yoast-schema-graph\">{\"@context\":\"https:\/\/schema.org\",\"@graph\":[{\"@type\":\"WebPage\",\"@id\":\"https:\/\/escalantecentreteatral.dival.es\/val\/escola\/cursos-profesionals\",\"url\":\"https:\/\/escalantecentreteatral.dival.es\/val\/escola\/cursos-profesionals\",\"name\":\"Cursos per a professionals - Escalante Centre Teatral\",\"isPartOf\":{\"@id\":\"https:\/\/escalantecentreteatral.dival.es\/val\/#website\"},\"datePublished\":\"2016-09-24T10:16:46+00:00\",\"dateModified\":\"2024-09-16T14:55:52+00:00\",\"breadcrumb\":{\"@id\":\"https:\/\/escalantecentreteatral.dival.es\/val\/escola\/cursos-profesionals#breadcrumb\"},\"inLanguage\":\"ca\",\"potentialAction\":[{\"@type\":\"ReadAction\",\"target\":[\"https:\/\/escalantecentreteatral.dival.es\/val\/escola\/cursos-profesionals\"]}]},{\"@type\":\"BreadcrumbList\",\"@id\":\"https:\/\/escalantecentreteatral.dival.es\/val\/escola\/cursos-profesionals#breadcrumb\",\"itemListElement\":[{\"@type\":\"ListItem\",\"position\":1,\"name\":\"Home\",\"item\":\"https:\/\/escalantecentreteatral.dival.es\/val\"},{\"@type\":\"ListItem\",\"position\":2,\"name\":\"Escola\",\"item\":\"https:\/\/escalantecentreteatral.dival.es\/val\/escola\"},{\"@type\":\"ListItem\",\"position\":3,\"name\":\"Cursos per a professionals\"}]},{\"@type\":\"WebSite\",\"@id\":\"https:\/\/escalantecentreteatral.dival.es\/val\/#website\",\"url\":\"https:\/\/escalantecentreteatral.dival.es\/val\/\",\"name\":\"Escalante Centre Teatral\",\"description\":\"Valencia | espectaculos | musicales | artes escenicas.\",\"publisher\":{\"@id\":\"https:\/\/escalantecentreteatral.dival.es\/val\/#organization\"},\"potentialAction\":[{\"@type\":\"SearchAction\",\"target\":{\"@type\":\"EntryPoint\",\"urlTemplate\":\"https:\/\/escalantecentreteatral.dival.es\/val\/?s={search_term_string}\"},\"query-input\":\"required name=search_term_string\"}],\"inLanguage\":\"ca\"},{\"@type\":\"Organization\",\"@id\":\"https:\/\/escalantecentreteatral.dival.es\/val\/#organization\",\"name\":\"Escalante Centre Teatral\",\"alternateName\":\"Escalante Centre Teatral Val\u00e8ncia\",\"url\":\"https:\/\/escalantecentreteatral.dival.es\/val\/\",\"logo\":{\"@type\":\"ImageObject\",\"inLanguage\":\"ca\",\"@id\":\"https:\/\/escalantecentreteatral.dival.es\/val\/#\/schema\/logo\/image\/\",\"url\":\"https:\/\/escalantecentreteatral.dival.es\/wp-content\/uploads\/logo_ect-1.png\",\"contentUrl\":\"https:\/\/escalantecentreteatral.dival.es\/wp-content\/uploads\/logo_ect-1.png\",\"width\":1024,\"height\":292,\"caption\":\"Escalante Centre Teatral\"},\"image\":{\"@id\":\"https:\/\/escalantecentreteatral.dival.es\/val\/#\/schema\/logo\/image\/\"},\"sameAs\":[\"https:\/\/www.facebook.com\/EscalanteTeatre\",\"https:\/\/twitter.com\/TeatreEscalante\",\"https:\/\/www.instagram.com\/centre_escalante\/\",\"https:\/\/www.youtube.com\/channel\/UCaXtimrtZ6eLZKN2qPgPa3g\"]}]}<\/script>\n<!-- \/ Yoast SEO plugin. -->","yoast_head_json":{"title":"Cursos per a professionals - Escalante Centre Teatral","robots":{"index":"index","follow":"follow","max-snippet":"max-snippet:-1","max-image-preview":"max-image-preview:large","max-video-preview":"max-video-preview:-1"},"canonical":"https:\/\/escalantecentreteatral.dival.es\/val\/escola\/cursos-profesionals","og_locale":"ca_ES","og_type":"article","og_title":"Cursos per a professionals - Escalante Centre Teatral","og_description":"Les especialitats s\u00f3n cursos destinats a persones graduades o diplomades en Art Dram\u00e0tic o titulacions equivalents.","og_url":"https:\/\/escalantecentreteatral.dival.es\/val\/escola\/cursos-profesionals","og_site_name":"Escalante Centre Teatral","article_publisher":"https:\/\/www.facebook.com\/EscalanteTeatre","article_modified_time":"2024-09-16T14:55:52+00:00","og_image":[{"width":2150,"height":1600,"url":"https:\/\/escalantecentreteatral.dival.es\/wp-content\/uploads\/curs_prof.jpg","type":"image\/jpeg"}],"twitter_card":"summary_large_image","twitter_site":"@TeatreEscalante","twitter_misc":{"Est. reading time":"1 minute"},"schema":{"@context":"https:\/\/schema.org","@graph":[{"@type":"WebPage","@id":"https:\/\/escalantecentreteatral.dival.es\/val\/escola\/cursos-profesionals","url":"https:\/\/escalantecentreteatral.dival.es\/val\/escola\/cursos-profesionals","name":"Cursos per a professionals - Escalante Centre Teatral","isPartOf":{"@id":"https:\/\/escalantecentreteatral.dival.es\/val\/#website"},"datePublished":"2016-09-24T10:16:46+00:00","dateModified":"2024-09-16T14:55:52+00:00","breadcrumb":{"@id":"https:\/\/escalantecentreteatral.dival.es\/val\/escola\/cursos-profesionals#breadcrumb"},"inLanguage":"ca","potentialAction":[{"@type":"ReadAction","target":["https:\/\/escalantecentreteatral.dival.es\/val\/escola\/cursos-profesionals"]}]},{"@type":"BreadcrumbList","@id":"https:\/\/escalantecentreteatral.dival.es\/val\/escola\/cursos-profesionals#breadcrumb","itemListElement":[{"@type":"ListItem","position":1,"name":"Home","item":"https:\/\/escalantecentreteatral.dival.es\/val"},{"@type":"ListItem","position":2,"name":"Escola","item":"https:\/\/escalantecentreteatral.dival.es\/val\/escola"},{"@type":"ListItem","position":3,"name":"Cursos per a professionals"}]},{"@type":"WebSite","@id":"https:\/\/escalantecentreteatral.dival.es\/val\/#website","url":"https:\/\/escalantecentreteatral.dival.es\/val\/","name":"Escalante Centre Teatral","description":"Valencia | espectaculos | musicales | artes escenicas.","publisher":{"@id":"https:\/\/escalantecentreteatral.dival.es\/val\/#organization"},"potentialAction":[{"@type":"SearchAction","target":{"@type":"EntryPoint","urlTemplate":"https:\/\/escalantecentreteatral.dival.es\/val\/?s={search_term_string}"},"query-input":"required name=search_term_string"}],"inLanguage":"ca"},{"@type":"Organization","@id":"https:\/\/escalantecentreteatral.dival.es\/val\/#organization","name":"Escalante Centre Teatral","alternateName":"Escalante Centre Teatral Val\u00e8ncia","url":"https:\/\/escalantecentreteatral.dival.es\/val\/","logo":{"@type":"ImageObject","inLanguage":"ca","@id":"https:\/\/escalantecentreteatral.dival.es\/val\/#\/schema\/logo\/image\/","url":"https:\/\/escalantecentreteatral.dival.es\/wp-content\/uploads\/logo_ect-1.png","contentUrl":"https:\/\/escalantecentreteatral.dival.es\/wp-content\/uploads\/logo_ect-1.png","width":1024,"height":292,"caption":"Escalante Centre Teatral"},"image":{"@id":"https:\/\/escalantecentreteatral.dival.es\/val\/#\/schema\/logo\/image\/"},"sameAs":["https:\/\/www.facebook.com\/EscalanteTeatre","https:\/\/twitter.com\/TeatreEscalante","https:\/\/www.instagram.com\/centre_escalante\/","https:\/\/www.youtube.com\/channel\/UCaXtimrtZ6eLZKN2qPgPa3g"]}]}},"_links":{"self":[{"href":"https:\/\/escalantecentreteatral.dival.es\/val\/wp-json\/wp\/v2\/pages\/1492"}],"collection":[{"href":"https:\/\/escalantecentreteatral.dival.es\/val\/wp-json\/wp\/v2\/pages"}],"about":[{"href":"https:\/\/escalantecentreteatral.dival.es\/val\/wp-json\/wp\/v2\/types\/page"}],"author":[{"embeddable":true,"href":"https:\/\/escalantecentreteatral.dival.es\/val\/wp-json\/wp\/v2\/users\/1"}],"replies":[{"embeddable":true,"href":"https:\/\/escalantecentreteatral.dival.es\/val\/wp-json\/wp\/v2\/comments?post=1492"}],"version-history":[{"count":41,"href":"https:\/\/escalantecentreteatral.dival.es\/val\/wp-json\/wp\/v2\/pages\/1492\/revisions"}],"predecessor-version":[{"id":19009,"href":"https:\/\/escalantecentreteatral.dival.es\/val\/wp-json\/wp\/v2\/pages\/1492\/revisions\/19009"}],"up":[{"embeddable":true,"href":"https:\/\/escalantecentreteatral.dival.es\/val\/wp-json\/wp\/v2\/pages\/1479"}],"wp:featuredmedia":[{"embeddable":true,"href":"https:\/\/escalantecentreteatral.dival.es\/val\/wp-json\/wp\/v2\/media\/15441"}],"wp:attachment":[{"href":"https:\/\/escalantecentreteatral.dival.es\/val\/wp-json\/wp\/v2\/media?parent=1492"}],"curies":[{"name":"wp","href":"https:\/\/api.w.org\/{rel}","templated":true}]}}