{"id":1479,"date":"2016-09-22T08:45:38","date_gmt":"2016-09-22T08:45:38","guid":{"rendered":"https:\/\/escalantecentreteatral.dival.es\/val\/escuela"},"modified":"2025-12-18T17:55:18","modified_gmt":"2025-12-18T16:55:18","slug":"escola","status":"publish","type":"page","link":"https:\/\/escalantecentreteatral.dival.es\/val\/escola","title":{"rendered":"Escola"},"content":{"rendered":"\n<div class=\"wp-block-columns is-layout-flex wp-container-3\">\n<div class=\"wp-block-column is-layout-flow\">\n<p>La&nbsp;ESCOLA&nbsp;DE&nbsp;TEATRE&nbsp;ESCALANTE de la Diputaci\u00f3 de Val\u00e8ncia va n\u00e0ixer en 1993 amb la intenci\u00f3 d&#8217;acostar les arts esc\u00e8niques al p\u00fablic i convertir la formaci\u00f3 en un instrument de diversi\u00f3 i desenvolupament personal i social. A m\u00e9s, l&#8217;escola vol oferir als professionals una oportunitat per a d&#8217;especialitzaci\u00f3 en la seua formaci\u00f3 acad\u00e8mica.<\/p>\n\n\n\n<p>El seu funcionament, tant a nivell pedag\u00f2gic com log\u00edstic, garanteix i tutela l&#8217;activitat de l&#8217;escola i l&#8217;aprenentatge del seu alumnat. El seu equip pedag\u00f2gic es compon de professionals en actiu amb un coneixement profund de la realitat teatral, tant en el pla professional com en el pedag\u00f2gic, distribu\u00efts en departaments did\u00e0ctics que garanteixen la correcta vertebraci\u00f3 d&#8217;un pla d&#8217;estudis din\u00e0mic i actual.<\/p>\n<\/div>\n\n\n\n<div class=\"wp-block-column col_extra is-layout-flow\">\n<h3 class=\"wp-block-heading\">Horaris 2025-2026<\/h3>\n\n\n\n<figure class=\"wp-block-table tabla_escuela\"><table><thead><tr><th>Grup<\/th><th>Data d&#8217;inici<\/th><\/tr><\/thead><tbody><tr><td>Grup A1 (5-6-7 anys)<\/td><td>1 octubre<\/td><\/tr><tr><td>Grup A2 (8-9-10 anys)<\/td><td>1 octubre<\/td><\/tr><tr><td>Grup B1 (11-12 anys)<\/td><td>7 octubre<\/td><\/tr><tr><td>Grup B2 (13-14 anys)<\/td><td>3 octubre<\/td><\/tr><tr><td>Grup C (15-16-17 anys)<\/td><td>3 octubre<\/td><\/tr><tr><td>Grup adults<\/td><td>2 Octubre<\/td><\/tr><tr><td>Grup Diversitat<\/td><td>6 octubre<\/td><\/tr><\/tbody><\/table><\/figure>\n<\/div>\n<\/div>\n","protected":false},"excerpt":{"rendered":"<p>La&nbsp;ESCOLA&nbsp;DE&nbsp;TEATRE&nbsp;ESCALANTE de la Diputaci\u00f3 de Val\u00e8ncia va n\u00e0ixer en 1993 amb la intenci\u00f3 d&#8217;acostar les arts esc\u00e8niques al p\u00fablic i convertir la formaci\u00f3 en un instrument de diversi\u00f3 i desenvolupament personal i social. A m\u00e9s, l&#8217;escola vol oferir als professionals una oportunitat per a d&#8217;especialitzaci\u00f3 en la seua formaci\u00f3 acad\u00e8mica. El seu funcionament, tant a [&hellip;]<\/p>\n","protected":false},"author":1,"featured_media":15579,"parent":0,"menu_order":53,"comment_status":"closed","ping_status":"closed","template":"template-escuela_presentacion.php","meta":{"inline_featured_image":false},"acf":[],"yoast_head":"<!-- This site is optimized with the Yoast SEO plugin v21.1 - https:\/\/yoast.com\/wordpress\/plugins\/seo\/ -->\n<title>Escola - Escalante Centre Teatral<\/title>\n<meta name=\"robots\" content=\"index, follow, max-snippet:-1, max-image-preview:large, max-video-preview:-1\" \/>\n<link rel=\"canonical\" href=\"https:\/\/escalantecentreteatral.dival.es\/val\/escola\" \/>\n<meta property=\"og:locale\" content=\"ca_ES\" \/>\n<meta property=\"og:type\" content=\"article\" \/>\n<meta property=\"og:title\" content=\"Escola - Escalante Centre Teatral\" \/>\n<meta property=\"og:description\" content=\"La&nbsp;ESCOLA&nbsp;DE&nbsp;TEATRE&nbsp;ESCALANTE de la Diputaci\u00f3 de Val\u00e8ncia va n\u00e0ixer en 1993 amb la intenci\u00f3 d&#8217;acostar les arts esc\u00e8niques al p\u00fablic i convertir la formaci\u00f3 en un instrument de diversi\u00f3 i desenvolupament personal i social. A m\u00e9s, l&#8217;escola vol oferir als professionals una oportunitat per a d&#8217;especialitzaci\u00f3 en la seua formaci\u00f3 acad\u00e8mica. El seu funcionament, tant a [&hellip;]\" \/>\n<meta property=\"og:url\" content=\"https:\/\/escalantecentreteatral.dival.es\/val\/escola\" \/>\n<meta property=\"og:site_name\" content=\"Escalante Centre Teatral\" \/>\n<meta property=\"article:publisher\" content=\"https:\/\/www.facebook.com\/EscalanteTeatre\" \/>\n<meta property=\"article:modified_time\" content=\"2025-12-18T16:55:18+00:00\" \/>\n<meta property=\"og:image\" content=\"https:\/\/escalantecentreteatral.dival.es\/wp-content\/uploads\/teatro_pres.jpg\" \/>\n\t<meta property=\"og:image:width\" content=\"1600\" \/>\n\t<meta property=\"og:image:height\" content=\"1600\" \/>\n\t<meta property=\"og:image:type\" content=\"image\/jpeg\" \/>\n<meta name=\"twitter:card\" content=\"summary_large_image\" \/>\n<meta name=\"twitter:site\" content=\"@TeatreEscalante\" \/>\n<meta name=\"twitter:label1\" content=\"Est. reading time\" \/>\n\t<meta name=\"twitter:data1\" content=\"1 minute\" \/>\n<script type=\"application\/ld+json\" class=\"yoast-schema-graph\">{\"@context\":\"https:\/\/schema.org\",\"@graph\":[{\"@type\":\"WebPage\",\"@id\":\"https:\/\/escalantecentreteatral.dival.es\/val\/escola\",\"url\":\"https:\/\/escalantecentreteatral.dival.es\/val\/escola\",\"name\":\"Escola - Escalante Centre Teatral\",\"isPartOf\":{\"@id\":\"https:\/\/escalantecentreteatral.dival.es\/val\/#website\"},\"datePublished\":\"2016-09-22T08:45:38+00:00\",\"dateModified\":\"2025-12-18T16:55:18+00:00\",\"breadcrumb\":{\"@id\":\"https:\/\/escalantecentreteatral.dival.es\/val\/escola#breadcrumb\"},\"inLanguage\":\"ca\",\"potentialAction\":[{\"@type\":\"ReadAction\",\"target\":[\"https:\/\/escalantecentreteatral.dival.es\/val\/escola\"]}]},{\"@type\":\"BreadcrumbList\",\"@id\":\"https:\/\/escalantecentreteatral.dival.es\/val\/escola#breadcrumb\",\"itemListElement\":[{\"@type\":\"ListItem\",\"position\":1,\"name\":\"Home\",\"item\":\"https:\/\/escalantecentreteatral.dival.es\/val\"},{\"@type\":\"ListItem\",\"position\":2,\"name\":\"Escola\"}]},{\"@type\":\"WebSite\",\"@id\":\"https:\/\/escalantecentreteatral.dival.es\/val\/#website\",\"url\":\"https:\/\/escalantecentreteatral.dival.es\/val\/\",\"name\":\"Escalante Centre Teatral\",\"description\":\"Valencia | espectaculos | musicales | artes escenicas.\",\"publisher\":{\"@id\":\"https:\/\/escalantecentreteatral.dival.es\/val\/#organization\"},\"potentialAction\":[{\"@type\":\"SearchAction\",\"target\":{\"@type\":\"EntryPoint\",\"urlTemplate\":\"https:\/\/escalantecentreteatral.dival.es\/val\/?s={search_term_string}\"},\"query-input\":\"required name=search_term_string\"}],\"inLanguage\":\"ca\"},{\"@type\":\"Organization\",\"@id\":\"https:\/\/escalantecentreteatral.dival.es\/val\/#organization\",\"name\":\"Escalante Centre Teatral\",\"alternateName\":\"Escalante Centre Teatral Val\u00e8ncia\",\"url\":\"https:\/\/escalantecentreteatral.dival.es\/val\/\",\"logo\":{\"@type\":\"ImageObject\",\"inLanguage\":\"ca\",\"@id\":\"https:\/\/escalantecentreteatral.dival.es\/val\/#\/schema\/logo\/image\/\",\"url\":\"https:\/\/escalantecentreteatral.dival.es\/wp-content\/uploads\/logo_ect-1.png\",\"contentUrl\":\"https:\/\/escalantecentreteatral.dival.es\/wp-content\/uploads\/logo_ect-1.png\",\"width\":1024,\"height\":292,\"caption\":\"Escalante Centre Teatral\"},\"image\":{\"@id\":\"https:\/\/escalantecentreteatral.dival.es\/val\/#\/schema\/logo\/image\/\"},\"sameAs\":[\"https:\/\/www.facebook.com\/EscalanteTeatre\",\"https:\/\/twitter.com\/TeatreEscalante\",\"https:\/\/www.instagram.com\/centre_escalante\/\",\"https:\/\/www.youtube.com\/channel\/UCaXtimrtZ6eLZKN2qPgPa3g\"]}]}<\/script>\n<!-- \/ Yoast SEO plugin. -->","yoast_head_json":{"title":"Escola - Escalante Centre Teatral","robots":{"index":"index","follow":"follow","max-snippet":"max-snippet:-1","max-image-preview":"max-image-preview:large","max-video-preview":"max-video-preview:-1"},"canonical":"https:\/\/escalantecentreteatral.dival.es\/val\/escola","og_locale":"ca_ES","og_type":"article","og_title":"Escola - Escalante Centre Teatral","og_description":"La&nbsp;ESCOLA&nbsp;DE&nbsp;TEATRE&nbsp;ESCALANTE de la Diputaci\u00f3 de Val\u00e8ncia va n\u00e0ixer en 1993 amb la intenci\u00f3 d&#8217;acostar les arts esc\u00e8niques al p\u00fablic i convertir la formaci\u00f3 en un instrument de diversi\u00f3 i desenvolupament personal i social. A m\u00e9s, l&#8217;escola vol oferir als professionals una oportunitat per a d&#8217;especialitzaci\u00f3 en la seua formaci\u00f3 acad\u00e8mica. El seu funcionament, tant a [&hellip;]","og_url":"https:\/\/escalantecentreteatral.dival.es\/val\/escola","og_site_name":"Escalante Centre Teatral","article_publisher":"https:\/\/www.facebook.com\/EscalanteTeatre","article_modified_time":"2025-12-18T16:55:18+00:00","og_image":[{"width":1600,"height":1600,"url":"https:\/\/escalantecentreteatral.dival.es\/wp-content\/uploads\/teatro_pres.jpg","type":"image\/jpeg"}],"twitter_card":"summary_large_image","twitter_site":"@TeatreEscalante","twitter_misc":{"Est. reading time":"1 minute"},"schema":{"@context":"https:\/\/schema.org","@graph":[{"@type":"WebPage","@id":"https:\/\/escalantecentreteatral.dival.es\/val\/escola","url":"https:\/\/escalantecentreteatral.dival.es\/val\/escola","name":"Escola - Escalante Centre Teatral","isPartOf":{"@id":"https:\/\/escalantecentreteatral.dival.es\/val\/#website"},"datePublished":"2016-09-22T08:45:38+00:00","dateModified":"2025-12-18T16:55:18+00:00","breadcrumb":{"@id":"https:\/\/escalantecentreteatral.dival.es\/val\/escola#breadcrumb"},"inLanguage":"ca","potentialAction":[{"@type":"ReadAction","target":["https:\/\/escalantecentreteatral.dival.es\/val\/escola"]}]},{"@type":"BreadcrumbList","@id":"https:\/\/escalantecentreteatral.dival.es\/val\/escola#breadcrumb","itemListElement":[{"@type":"ListItem","position":1,"name":"Home","item":"https:\/\/escalantecentreteatral.dival.es\/val"},{"@type":"ListItem","position":2,"name":"Escola"}]},{"@type":"WebSite","@id":"https:\/\/escalantecentreteatral.dival.es\/val\/#website","url":"https:\/\/escalantecentreteatral.dival.es\/val\/","name":"Escalante Centre Teatral","description":"Valencia | espectaculos | musicales | artes escenicas.","publisher":{"@id":"https:\/\/escalantecentreteatral.dival.es\/val\/#organization"},"potentialAction":[{"@type":"SearchAction","target":{"@type":"EntryPoint","urlTemplate":"https:\/\/escalantecentreteatral.dival.es\/val\/?s={search_term_string}"},"query-input":"required name=search_term_string"}],"inLanguage":"ca"},{"@type":"Organization","@id":"https:\/\/escalantecentreteatral.dival.es\/val\/#organization","name":"Escalante Centre Teatral","alternateName":"Escalante Centre Teatral Val\u00e8ncia","url":"https:\/\/escalantecentreteatral.dival.es\/val\/","logo":{"@type":"ImageObject","inLanguage":"ca","@id":"https:\/\/escalantecentreteatral.dival.es\/val\/#\/schema\/logo\/image\/","url":"https:\/\/escalantecentreteatral.dival.es\/wp-content\/uploads\/logo_ect-1.png","contentUrl":"https:\/\/escalantecentreteatral.dival.es\/wp-content\/uploads\/logo_ect-1.png","width":1024,"height":292,"caption":"Escalante Centre Teatral"},"image":{"@id":"https:\/\/escalantecentreteatral.dival.es\/val\/#\/schema\/logo\/image\/"},"sameAs":["https:\/\/www.facebook.com\/EscalanteTeatre","https:\/\/twitter.com\/TeatreEscalante","https:\/\/www.instagram.com\/centre_escalante\/","https:\/\/www.youtube.com\/channel\/UCaXtimrtZ6eLZKN2qPgPa3g"]}]}},"_links":{"self":[{"href":"https:\/\/escalantecentreteatral.dival.es\/val\/wp-json\/wp\/v2\/pages\/1479"}],"collection":[{"href":"https:\/\/escalantecentreteatral.dival.es\/val\/wp-json\/wp\/v2\/pages"}],"about":[{"href":"https:\/\/escalantecentreteatral.dival.es\/val\/wp-json\/wp\/v2\/types\/page"}],"author":[{"embeddable":true,"href":"https:\/\/escalantecentreteatral.dival.es\/val\/wp-json\/wp\/v2\/users\/1"}],"replies":[{"embeddable":true,"href":"https:\/\/escalantecentreteatral.dival.es\/val\/wp-json\/wp\/v2\/comments?post=1479"}],"version-history":[{"count":15,"href":"https:\/\/escalantecentreteatral.dival.es\/val\/wp-json\/wp\/v2\/pages\/1479\/revisions"}],"predecessor-version":[{"id":20865,"href":"https:\/\/escalantecentreteatral.dival.es\/val\/wp-json\/wp\/v2\/pages\/1479\/revisions\/20865"}],"wp:featuredmedia":[{"embeddable":true,"href":"https:\/\/escalantecentreteatral.dival.es\/val\/wp-json\/wp\/v2\/media\/15579"}],"wp:attachment":[{"href":"https:\/\/escalantecentreteatral.dival.es\/val\/wp-json\/wp\/v2\/media?parent=1479"}],"curies":[{"name":"wp","href":"https:\/\/api.w.org\/{rel}","templated":true}]}}