{"id":11377,"date":"2021-09-17T13:55:06","date_gmt":"2021-09-17T11:55:06","guid":{"rendered":"https:\/\/escalantecentreteatral.dival.es\/escalante"},"modified":"2024-03-20T17:18:42","modified_gmt":"2024-03-20T16:18:42","slug":"escalante","status":"publish","type":"page","link":"https:\/\/escalantecentreteatral.dival.es\/val\/escalante","title":{"rendered":"Escalante"},"content":{"rendered":"\n<div class=\"wp-block-columns columna-centrada pt-0 is-layout-flex wp-container-4\">\n<div class=\"wp-block-column is-layout-flow\" style=\"flex-basis:25%\"><\/div>\n\n\n\n<div class=\"wp-block-column is-layout-flow\" style=\"flex-basis:50%\">\n<h2 class=\"wp-block-heading\">Qui som?<\/h2>\n\n\n\n<p>L\u2019Escalante \u00e9s el projecte esc\u00e8nic per a la Inf\u00e0ncia i la Joventut de la Diputaci\u00f3 de Val\u00e8ncia. Nascut\u00a0 l\u2019any 1985, va ser el primer teatre a Espanya que va apostar per oferir produccions i exhibicions de qualitat per als infants i als joves que, fins llavors, nom\u00e9s es trobaven en el teatre per a adults. Si aquests han estat els seus dos punts forts, amb els anys ha anat creixent, incorporant la formaci\u00f3, amb la creaci\u00f3 de l\u2019Escola de Teatre l\u2019any 1995 i no menys important, la convocat\u00f2ria anual a l\u2019escriptura del Premi de Teatre Infantil i Juvenil.<\/p>\n<\/div>\n\n\n\n<div class=\"wp-block-column is-layout-flow\" style=\"flex-basis:25%\"><\/div>\n<\/div>\n\n\n\n<div class=\"wp-block-group container-thunder pb-4 is-layout-constrained\"><div class=\"wp-block-group__inner-container\">\n<div class=\"wp-block-columns imagen-izq-texto-der is-layout-flex wp-container-7\">\n<div class=\"wp-block-column is-layout-flow\" style=\"flex-basis:66.66%\">\n<figure class=\"wp-block-image size-full\"><img decoding=\"async\" src=\"https:\/\/escalantecentreteatral.dival.es\/wp-content\/uploads\/bova.jpg\" alt=\"\" class=\"wp-image-14496\"\/><\/figure>\n<\/div>\n\n\n\n<div class=\"wp-block-column d-flex flex-col flex-column align-self-center is-layout-flow\" style=\"flex-basis:33.33%\">\n<p>Aix\u00ed doncs, en tot aquest temps, l\u2019Escalante ha potenciat la creaci\u00f3 de vora 60 produccions pr\u00f2pies, espectacles de gran i xicotet format amb t\u00edtols i disciplines&nbsp; ben diverses. Ha programat,&nbsp; temporada a temporada, milers de funcions de companyies valencianes, d\u2019\u00e0mbit estatal o internacional destinades a p\u00fablic escolar i familiar.<\/p>\n\n\n\n<p>l\u2019Escalante s\u2019ha convertit en un projecte que ha consolidat un p\u00fablic ben atent i alhora ha servit per a impulsar i consolidar les traject\u00f2ries dels i les professionals de les arts esc\u00e8niques valencianes.<\/p>\n<\/div>\n<\/div>\n<\/div><\/div>\n\n\n\n<div class=\"wp-block-group back_gris_full container-thunder mt-th mb-th is-layout-constrained\"><div class=\"wp-block-group__inner-container\">\n<div class=\"wp-block-columns columna_texto_der_desta is-layout-flex wp-container-11\">\n<div class=\"wp-block-column is-layout-flow\" style=\"flex-basis:33.33%\"><\/div>\n\n\n\n<div class=\"wp-block-column is-layout-flow\" style=\"flex-basis:66.66%\">\n<h3 class=\"wp-block-heading\">Realitzant<br>Produccions<br>des del 1985<\/h3>\n\n\n\n<p>La m\u00e0quina de Rube Goldberg (2023) &#8211; All\u00f2 que ens uneix (2023) &#8211; El xiquet que volia una falda escocesa (2022) &#8211; Rebel\u00b7li\u00f3 (2022) &#8211; Xafar la gespa (2022) &#8211; Lluna (2022) &#8211; Cremallera (2020) &#8211; L\u2019incre\u00efble assassinat d\u2019Ausi\u00e0s March (2019) &#8211; Anna i la m\u00e0quina del temps (2019) &#8211; Yolo (2018) &#8211; Pi (2018) Les 7 difer\u00e8ncies (2018)  i moltes m\u00e9s \u2026<\/p>\n<\/div>\n<\/div>\n<\/div><\/div>\n\n\n\n<div style=\"height:60px\" aria-hidden=\"true\" class=\"wp-block-spacer espaciador_thunder\"><\/div>\n\n\n\n<div class=\"wp-block-group container-thunder is-layout-constrained\"><div class=\"wp-block-group__inner-container\">\n<div class=\"wp-block-columns columna_img_quad is-layout-flex wp-container-16\">\n<div class=\"wp-block-column d-flex flex-column align-self-end is-layout-flow\">\n<p>Al reconeixement del p\u00fablic es sumen els nombrosos premis rebuts. Al 1995, el Ministeri de Cultura, concedeix &nbsp;la Medalla al M\u00e8rit de les Belles arts en la seua categoria de plata. I l\u2019any 2023 l\u2019Acad\u00e8mia de les Arts esc\u00e8niques li otorga&nbsp; la Medalla d\u2019Or. Amb ser els Premis m\u00e9s significatiu, mai han faltat en les prestatgeries de l\u2019Escalante altres com els &nbsp;obtinguts des de la cr\u00edtica, dels professionals, dels organismes p\u00fablics o dels mitjans de comunicaci\u00f3\u2026<\/p>\n\n\n\n<p>Ara b\u00e9, el millor premi \u00e9s continuar al\u00e7ant el tel\u00f3 cada temporada, cada funci\u00f3.<\/p>\n<\/div>\n\n\n\n<div class=\"wp-block-column col_quad is-layout-flow\">\n<figure class=\"wp-block-image size-full\"><img decoding=\"async\" src=\"https:\/\/escalantecentreteatral.dival.es\/wp-content\/uploads\/img_quad.jpg\" alt=\"\" class=\"wp-image-14498\"\/><\/figure>\n<\/div>\n\n\n\n<div class=\"wp-block-column is-layout-flow\"><\/div>\n<\/div>\n<\/div><\/div>\n\n\n\n<div style=\"height:75px\" aria-hidden=\"true\" class=\"wp-block-spacer espaciador_thunder\"><\/div>\n\n\n<div class='swiper swiper_gallery' id='gallery-3680'   ><div class=' swiper-wrapper  '> <div class=\"swiper-slide swiper-slide_gallery\" ><img decoding=\"async\" alt=\"\" title=\"\" style=\"\" class=\"  img_resp\" src=\"https:\/\/escalantecentreteatral.dival.es\/wp-content\/uploads\/after_sun-1.jpg\" ><\/div><div class=\"swiper-slide swiper-slide_gallery\" ><img decoding=\"async\" alt=\"\" title=\"\" style=\"\" class=\"  img_resp\" src=\"https:\/\/escalantecentreteatral.dival.es\/wp-content\/uploads\/ambulanrt-1.jpg\" ><\/div><div class=\"swiper-slide swiper-slide_gallery\" ><img decoding=\"async\" alt=\"\" title=\"\" style=\"\" class=\"  img_resp\" src=\"https:\/\/escalantecentreteatral.dival.es\/wp-content\/uploads\/an_ki_C-1.jpg\" ><\/div><div class=\"swiper-slide swiper-slide_gallery\" ><img decoding=\"async\" alt=\"\" title=\"\" style=\"\" class=\"  img_resp\" src=\"https:\/\/escalantecentreteatral.dival.es\/wp-content\/uploads\/bruno-1.jpg\" ><\/div><div class=\"swiper-slide swiper-slide_gallery\" ><img decoding=\"async\" alt=\"\" title=\"\" style=\"\" class=\"  img_resp\" src=\"https:\/\/escalantecentreteatral.dival.es\/wp-content\/uploads\/cube-1.jpg\" ><\/div><div class=\"swiper-slide swiper-slide_gallery\" ><img decoding=\"async\" alt=\"\" title=\"\" style=\"\" class=\"  img_resp\" src=\"https:\/\/escalantecentreteatral.dival.es\/wp-content\/uploads\/cucu-1.jpg\" ><\/div><div class=\"swiper-slide swiper-slide_gallery\" ><img decoding=\"async\" alt=\"\" title=\"\" style=\"\" class=\"  img_resp\" src=\"https:\/\/escalantecentreteatral.dival.es\/wp-content\/uploads\/de_tu_a_tu-1.jpg\" ><\/div><\/div><div class=\"swip_gallery_right\" ><\/div><div class=\"swip_gallery_left\" ><\/div><\/div>","protected":false},"excerpt":{"rendered":"<p>Qui som? L\u2019Escalante \u00e9s el projecte esc\u00e8nic per a la Inf\u00e0ncia i la Joventut de la Diputaci\u00f3 de Val\u00e8ncia. Nascut\u00a0 l\u2019any 1985, va ser el primer teatre a Espanya que va apostar per oferir produccions i exhibicions de qualitat per als infants i als joves que, fins llavors, nom\u00e9s es trobaven en el teatre per [&hellip;]<\/p>\n","protected":false},"author":1,"featured_media":15773,"parent":0,"menu_order":18,"comment_status":"closed","ping_status":"closed","template":"template-quienes.php","meta":{"inline_featured_image":false},"acf":[],"yoast_head":"<!-- This site is optimized with the Yoast SEO plugin v21.1 - https:\/\/yoast.com\/wordpress\/plugins\/seo\/ -->\n<title>Escalante - Escalante Centre Teatral<\/title>\n<meta name=\"robots\" content=\"index, follow, max-snippet:-1, max-image-preview:large, max-video-preview:-1\" \/>\n<link rel=\"canonical\" href=\"https:\/\/escalantecentreteatral.dival.es\/val\/escalante\" \/>\n<meta property=\"og:locale\" content=\"ca_ES\" \/>\n<meta property=\"og:type\" content=\"article\" \/>\n<meta property=\"og:title\" content=\"Escalante - Escalante Centre Teatral\" \/>\n<meta property=\"og:description\" content=\"Qui som? L\u2019Escalante \u00e9s el projecte esc\u00e8nic per a la Inf\u00e0ncia i la Joventut de la Diputaci\u00f3 de Val\u00e8ncia. Nascut\u00a0 l\u2019any 1985, va ser el primer teatre a Espanya que va apostar per oferir produccions i exhibicions de qualitat per als infants i als joves que, fins llavors, nom\u00e9s es trobaven en el teatre per [&hellip;]\" \/>\n<meta property=\"og:url\" content=\"https:\/\/escalantecentreteatral.dival.es\/val\/escalante\" \/>\n<meta property=\"og:site_name\" content=\"Escalante Centre Teatral\" \/>\n<meta property=\"article:publisher\" content=\"https:\/\/www.facebook.com\/EscalanteTeatre\" \/>\n<meta property=\"article:modified_time\" content=\"2024-03-20T16:18:42+00:00\" \/>\n<meta property=\"og:image\" content=\"https:\/\/escalantecentreteatral.dival.es\/wp-content\/uploads\/pi_up-scaled.jpg\" \/>\n\t<meta property=\"og:image:width\" content=\"2560\" \/>\n\t<meta property=\"og:image:height\" content=\"1348\" \/>\n\t<meta property=\"og:image:type\" content=\"image\/jpeg\" \/>\n<meta name=\"twitter:card\" content=\"summary_large_image\" \/>\n<meta name=\"twitter:site\" content=\"@TeatreEscalante\" \/>\n<meta name=\"twitter:label1\" content=\"Est. reading time\" \/>\n\t<meta name=\"twitter:data1\" content=\"4 minutes\" \/>\n<script type=\"application\/ld+json\" class=\"yoast-schema-graph\">{\"@context\":\"https:\/\/schema.org\",\"@graph\":[{\"@type\":\"WebPage\",\"@id\":\"https:\/\/escalantecentreteatral.dival.es\/val\/escalante\",\"url\":\"https:\/\/escalantecentreteatral.dival.es\/val\/escalante\",\"name\":\"Escalante - Escalante Centre Teatral\",\"isPartOf\":{\"@id\":\"https:\/\/escalantecentreteatral.dival.es\/val\/#website\"},\"datePublished\":\"2021-09-17T11:55:06+00:00\",\"dateModified\":\"2024-03-20T16:18:42+00:00\",\"breadcrumb\":{\"@id\":\"https:\/\/escalantecentreteatral.dival.es\/val\/escalante#breadcrumb\"},\"inLanguage\":\"ca\",\"potentialAction\":[{\"@type\":\"ReadAction\",\"target\":[\"https:\/\/escalantecentreteatral.dival.es\/val\/escalante\"]}]},{\"@type\":\"BreadcrumbList\",\"@id\":\"https:\/\/escalantecentreteatral.dival.es\/val\/escalante#breadcrumb\",\"itemListElement\":[{\"@type\":\"ListItem\",\"position\":1,\"name\":\"Home\",\"item\":\"https:\/\/escalantecentreteatral.dival.es\/val\"},{\"@type\":\"ListItem\",\"position\":2,\"name\":\"Escalante\"}]},{\"@type\":\"WebSite\",\"@id\":\"https:\/\/escalantecentreteatral.dival.es\/val\/#website\",\"url\":\"https:\/\/escalantecentreteatral.dival.es\/val\/\",\"name\":\"Escalante Centre Teatral\",\"description\":\"Valencia | espectaculos | musicales | artes escenicas.\",\"publisher\":{\"@id\":\"https:\/\/escalantecentreteatral.dival.es\/val\/#organization\"},\"potentialAction\":[{\"@type\":\"SearchAction\",\"target\":{\"@type\":\"EntryPoint\",\"urlTemplate\":\"https:\/\/escalantecentreteatral.dival.es\/val\/?s={search_term_string}\"},\"query-input\":\"required name=search_term_string\"}],\"inLanguage\":\"ca\"},{\"@type\":\"Organization\",\"@id\":\"https:\/\/escalantecentreteatral.dival.es\/val\/#organization\",\"name\":\"Escalante Centre Teatral\",\"alternateName\":\"Escalante Centre Teatral Val\u00e8ncia\",\"url\":\"https:\/\/escalantecentreteatral.dival.es\/val\/\",\"logo\":{\"@type\":\"ImageObject\",\"inLanguage\":\"ca\",\"@id\":\"https:\/\/escalantecentreteatral.dival.es\/val\/#\/schema\/logo\/image\/\",\"url\":\"https:\/\/escalantecentreteatral.dival.es\/wp-content\/uploads\/logo_ect-1.png\",\"contentUrl\":\"https:\/\/escalantecentreteatral.dival.es\/wp-content\/uploads\/logo_ect-1.png\",\"width\":1024,\"height\":292,\"caption\":\"Escalante Centre Teatral\"},\"image\":{\"@id\":\"https:\/\/escalantecentreteatral.dival.es\/val\/#\/schema\/logo\/image\/\"},\"sameAs\":[\"https:\/\/www.facebook.com\/EscalanteTeatre\",\"https:\/\/twitter.com\/TeatreEscalante\",\"https:\/\/www.instagram.com\/centre_escalante\/\",\"https:\/\/www.youtube.com\/channel\/UCaXtimrtZ6eLZKN2qPgPa3g\"]}]}<\/script>\n<!-- \/ Yoast SEO plugin. -->","yoast_head_json":{"title":"Escalante - Escalante Centre Teatral","robots":{"index":"index","follow":"follow","max-snippet":"max-snippet:-1","max-image-preview":"max-image-preview:large","max-video-preview":"max-video-preview:-1"},"canonical":"https:\/\/escalantecentreteatral.dival.es\/val\/escalante","og_locale":"ca_ES","og_type":"article","og_title":"Escalante - Escalante Centre Teatral","og_description":"Qui som? L\u2019Escalante \u00e9s el projecte esc\u00e8nic per a la Inf\u00e0ncia i la Joventut de la Diputaci\u00f3 de Val\u00e8ncia. Nascut\u00a0 l\u2019any 1985, va ser el primer teatre a Espanya que va apostar per oferir produccions i exhibicions de qualitat per als infants i als joves que, fins llavors, nom\u00e9s es trobaven en el teatre per [&hellip;]","og_url":"https:\/\/escalantecentreteatral.dival.es\/val\/escalante","og_site_name":"Escalante Centre Teatral","article_publisher":"https:\/\/www.facebook.com\/EscalanteTeatre","article_modified_time":"2024-03-20T16:18:42+00:00","og_image":[{"width":2560,"height":1348,"url":"https:\/\/escalantecentreteatral.dival.es\/wp-content\/uploads\/pi_up-scaled.jpg","type":"image\/jpeg"}],"twitter_card":"summary_large_image","twitter_site":"@TeatreEscalante","twitter_misc":{"Est. reading time":"4 minutes"},"schema":{"@context":"https:\/\/schema.org","@graph":[{"@type":"WebPage","@id":"https:\/\/escalantecentreteatral.dival.es\/val\/escalante","url":"https:\/\/escalantecentreteatral.dival.es\/val\/escalante","name":"Escalante - Escalante Centre Teatral","isPartOf":{"@id":"https:\/\/escalantecentreteatral.dival.es\/val\/#website"},"datePublished":"2021-09-17T11:55:06+00:00","dateModified":"2024-03-20T16:18:42+00:00","breadcrumb":{"@id":"https:\/\/escalantecentreteatral.dival.es\/val\/escalante#breadcrumb"},"inLanguage":"ca","potentialAction":[{"@type":"ReadAction","target":["https:\/\/escalantecentreteatral.dival.es\/val\/escalante"]}]},{"@type":"BreadcrumbList","@id":"https:\/\/escalantecentreteatral.dival.es\/val\/escalante#breadcrumb","itemListElement":[{"@type":"ListItem","position":1,"name":"Home","item":"https:\/\/escalantecentreteatral.dival.es\/val"},{"@type":"ListItem","position":2,"name":"Escalante"}]},{"@type":"WebSite","@id":"https:\/\/escalantecentreteatral.dival.es\/val\/#website","url":"https:\/\/escalantecentreteatral.dival.es\/val\/","name":"Escalante Centre Teatral","description":"Valencia | espectaculos | musicales | artes escenicas.","publisher":{"@id":"https:\/\/escalantecentreteatral.dival.es\/val\/#organization"},"potentialAction":[{"@type":"SearchAction","target":{"@type":"EntryPoint","urlTemplate":"https:\/\/escalantecentreteatral.dival.es\/val\/?s={search_term_string}"},"query-input":"required name=search_term_string"}],"inLanguage":"ca"},{"@type":"Organization","@id":"https:\/\/escalantecentreteatral.dival.es\/val\/#organization","name":"Escalante Centre Teatral","alternateName":"Escalante Centre Teatral Val\u00e8ncia","url":"https:\/\/escalantecentreteatral.dival.es\/val\/","logo":{"@type":"ImageObject","inLanguage":"ca","@id":"https:\/\/escalantecentreteatral.dival.es\/val\/#\/schema\/logo\/image\/","url":"https:\/\/escalantecentreteatral.dival.es\/wp-content\/uploads\/logo_ect-1.png","contentUrl":"https:\/\/escalantecentreteatral.dival.es\/wp-content\/uploads\/logo_ect-1.png","width":1024,"height":292,"caption":"Escalante Centre Teatral"},"image":{"@id":"https:\/\/escalantecentreteatral.dival.es\/val\/#\/schema\/logo\/image\/"},"sameAs":["https:\/\/www.facebook.com\/EscalanteTeatre","https:\/\/twitter.com\/TeatreEscalante","https:\/\/www.instagram.com\/centre_escalante\/","https:\/\/www.youtube.com\/channel\/UCaXtimrtZ6eLZKN2qPgPa3g"]}]}},"_links":{"self":[{"href":"https:\/\/escalantecentreteatral.dival.es\/val\/wp-json\/wp\/v2\/pages\/11377"}],"collection":[{"href":"https:\/\/escalantecentreteatral.dival.es\/val\/wp-json\/wp\/v2\/pages"}],"about":[{"href":"https:\/\/escalantecentreteatral.dival.es\/val\/wp-json\/wp\/v2\/types\/page"}],"author":[{"embeddable":true,"href":"https:\/\/escalantecentreteatral.dival.es\/val\/wp-json\/wp\/v2\/users\/1"}],"replies":[{"embeddable":true,"href":"https:\/\/escalantecentreteatral.dival.es\/val\/wp-json\/wp\/v2\/comments?post=11377"}],"version-history":[{"count":20,"href":"https:\/\/escalantecentreteatral.dival.es\/val\/wp-json\/wp\/v2\/pages\/11377\/revisions"}],"predecessor-version":[{"id":17284,"href":"https:\/\/escalantecentreteatral.dival.es\/val\/wp-json\/wp\/v2\/pages\/11377\/revisions\/17284"}],"wp:featuredmedia":[{"embeddable":true,"href":"https:\/\/escalantecentreteatral.dival.es\/val\/wp-json\/wp\/v2\/media\/15773"}],"wp:attachment":[{"href":"https:\/\/escalantecentreteatral.dival.es\/val\/wp-json\/wp\/v2\/media?parent=11377"}],"curies":[{"name":"wp","href":"https:\/\/api.w.org\/{rel}","templated":true}]}}